{"id":7918,"date":"2025-02-11T22:34:12","date_gmt":"2025-02-11T22:34:12","guid":{"rendered":"https:\/\/iimyc.gob.ar\/fisioclim\/?page_id=7918"},"modified":"2025-11-20T10:40:11","modified_gmt":"2025-11-20T13:40:11","slug":"libro-de-resumenes","status":"publish","type":"page","link":"https:\/\/iimyc.gob.ar\/fisioclim\/resumenes\/libro-de-resumenes\/","title":{"rendered":"Libro de Res\u00famenes"},"content":{"rendered":"<h3 style=\"text-align: center;\"><span style=\"color: #800000;\">UNDER CONSTRUCTION<\/span><\/h3>\n<h3 style=\"text-align: center;\">Programa y Libro de res\u00famenes del 7mo Workshop de Fisiolog\u00eda Ecol\u00f3gica y del Comportamiento<\/h3>\n<h3 style=\"text-align: center;\">Programa &#8211; 2027<\/h3>\n<h3 style=\"text-align: center;\">Libro de Res\u00famenes &#8211; 2027<\/h3>\n<p>&nbsp;<\/p>\n<p>&nbsp;<\/p>\n<p>&nbsp;<\/p>\n<p>&nbsp;<\/p>\n","protected":false},"excerpt":{"rendered":"<p>UNDER CONSTRUCTION Programa y Libro de res\u00famenes del 7mo Workshop de Fisiolog\u00eda Ecol\u00f3gica y del Comportamiento Programa &#8211; 2027 Libro de Res\u00famenes &#8211; 2027 &nbsp; &nbsp; &nbsp; &nbsp;<\/p>\n","protected":false},"author":1,"featured_media":0,"parent":6489,"menu_order":0,"comment_status":"closed","ping_status":"closed","template":"","meta":{"_monsterinsights_skip_tracking":false,"_monsterinsights_sitenote_active":false,"_monsterinsights_sitenote_note":"","_monsterinsights_sitenote_category":0,"footnotes":""},"class_list":["post-7918","page","type-page","status-publish","hentry"],"_links":{"self":[{"href":"https:\/\/iimyc.gob.ar\/fisioclim\/wp-json\/wp\/v2\/pages\/7918","targetHints":{"allow":["GET"]}}],"collection":[{"href":"https:\/\/iimyc.gob.ar\/fisioclim\/wp-json\/wp\/v2\/pages"}],"about":[{"href":"https:\/\/iimyc.gob.ar\/fisioclim\/wp-json\/wp\/v2\/types\/page"}],"author":[{"embeddable":true,"href":"https:\/\/iimyc.gob.ar\/fisioclim\/wp-json\/wp\/v2\/users\/1"}],"replies":[{"embeddable":true,"href":"https:\/\/iimyc.gob.ar\/fisioclim\/wp-json\/wp\/v2\/comments?post=7918"}],"version-history":[{"count":6,"href":"https:\/\/iimyc.gob.ar\/fisioclim\/wp-json\/wp\/v2\/pages\/7918\/revisions"}],"predecessor-version":[{"id":7964,"href":"https:\/\/iimyc.gob.ar\/fisioclim\/wp-json\/wp\/v2\/pages\/7918\/revisions\/7964"}],"up":[{"embeddable":true,"href":"https:\/\/iimyc.gob.ar\/fisioclim\/wp-json\/wp\/v2\/pages\/6489"}],"wp:attachment":[{"href":"https:\/\/iimyc.gob.ar\/fisioclim\/wp-json\/wp\/v2\/media?parent=7918"}],"curies":[{"name":"wp","href":"https:\/\/api.w.org\/{rel}","templated":true}]}}