{"id":7750,"date":"2024-03-26T16:04:22","date_gmt":"2024-03-26T16:04:22","guid":{"rendered":"https:\/\/iimyc.gob.ar\/fisioclim\/?page_id=7750"},"modified":"2025-11-20T13:09:59","modified_gmt":"2025-11-20T16:09:59","slug":"ciudad","status":"publish","type":"page","link":"https:\/\/iimyc.gob.ar\/fisioclim\/venue\/ciudad\/","title":{"rendered":"Nuestra Ciudad"},"content":{"rendered":"<h3 style=\"text-align: center;\">Sobre C\u00f3rdoba<\/h3>\n<p style=\"text-align: left;\">C\u00f3rdoba es la segunda ciudad m\u00e1s grande de Argentina (aproximadamente <strong>1.565.112 habitantes)<\/strong> y un vibrante centro cultural, hist\u00f3rico y universitario. Fundada en 1573, combina un valioso patrimonio colonial (con la Manzana Jesu\u00edtica, declarada Patrimonio de la Humanidad) con una intensa vida moderna. Reconocida como \u201cLa Docta\u201d por su prestigiosa universidad, atrae a miles de estudiantes y j\u00f3venes que dinamizan su ambiente art\u00edstico, cient\u00edfico y nocturno. Rodeada de sierras y r\u00edos, es tambi\u00e9n un destino ideal para disfrutar de la naturaleza, el turismo de aventura y la gastronom\u00eda local. Su ubicaci\u00f3n estrat\u00e9gica en el centro del pa\u00eds la convierte en un punto de encuentro para congresos y eventos internacionales.<\/p>\n<p><img loading=\"lazy\" decoding=\"async\" class=\"alignnone size-medium wp-image-8007\" src=\"https:\/\/iimyc.gob.ar\/fisioclim\/wp-content\/uploads\/2025\/11\/Picture6.png\" alt=\"\" width=\"288\" height=\"158\" srcset=\"https:\/\/iimyc.gob.ar\/fisioclim\/wp-content\/uploads\/2025\/11\/Picture6.png 288w, https:\/\/iimyc.gob.ar\/fisioclim\/wp-content\/uploads\/2025\/11\/Picture6-230x126.png 230w\" sizes=\"auto, (max-width: 288px) 100vw, 288px\" \/> <img loading=\"lazy\" decoding=\"async\" class=\"alignnone size-medium wp-image-8009\" src=\"https:\/\/iimyc.gob.ar\/fisioclim\/wp-content\/uploads\/2025\/11\/Picture10.png\" alt=\"\" width=\"244\" height=\"162\" srcset=\"https:\/\/iimyc.gob.ar\/fisioclim\/wp-content\/uploads\/2025\/11\/Picture10.png 244w, https:\/\/iimyc.gob.ar\/fisioclim\/wp-content\/uploads\/2025\/11\/Picture10-230x153.png 230w\" sizes=\"auto, (max-width: 244px) 100vw, 244px\" \/> <img loading=\"lazy\" decoding=\"async\" class=\"alignnone size-medium wp-image-8010\" src=\"https:\/\/iimyc.gob.ar\/fisioclim\/wp-content\/uploads\/2025\/11\/Picture9-300x120.png\" alt=\"\" width=\"300\" height=\"120\" srcset=\"https:\/\/iimyc.gob.ar\/fisioclim\/wp-content\/uploads\/2025\/11\/Picture9-300x120.png 300w, https:\/\/iimyc.gob.ar\/fisioclim\/wp-content\/uploads\/2025\/11\/Picture9-230x92.png 230w, https:\/\/iimyc.gob.ar\/fisioclim\/wp-content\/uploads\/2025\/11\/Picture9-350x140.png 350w, https:\/\/iimyc.gob.ar\/fisioclim\/wp-content\/uploads\/2025\/11\/Picture9.png 355w\" sizes=\"auto, (max-width: 300px) 100vw, 300px\" \/><\/p>\n<p>Para obtener informaci\u00f3n m\u00e1s amplia se pueden visitar los sitios oficiales de la ciudad de C\u00f3rdoba (<a href=\"https:\/\/turismo.cordoba.gob.ar\/\" target=\"_blank\" rel=\"noopener\">https:\/\/turismo.cordoba.gob.ar\/<\/a>).<\/p>\n<p>&nbsp;<\/p>\n","protected":false},"excerpt":{"rendered":"<p>Sobre C\u00f3rdoba C\u00f3rdoba es la segunda ciudad m\u00e1s grande de Argentina (aproximadamente 1.565.112 habitantes) y un vibrante centro cultural, hist\u00f3rico y universitario. Fundada en 1573, combina un valioso patrimonio colonial (con la Manzana Jesu\u00edtica, declarada Patrimonio de la Humanidad) con una intensa vida moderna. Reconocida como \u201cLa Docta\u201d por su prestigiosa universidad, atrae a miles de estudiantes y j\u00f3venes que dinamizan su ambiente art\u00edstico, cient\u00edfico y nocturno. Rodeada de sierras y r\u00edos, es tambi\u00e9n un destino ideal para disfrutar de la naturaleza, el turismo de aventura y la gastronom\u00eda local. Su ubicaci\u00f3n estrat\u00e9gica en el centro del pa\u00eds la convierte en un punto de encuentro para congresos y eventos internacionales. Para obtener informaci\u00f3n m\u00e1s amplia se pueden visitar los sitios [&hellip;]<\/p>\n","protected":false},"author":1,"featured_media":0,"parent":18,"menu_order":0,"comment_status":"closed","ping_status":"closed","template":"","meta":{"_monsterinsights_skip_tracking":false,"_monsterinsights_sitenote_active":false,"_monsterinsights_sitenote_note":"","_monsterinsights_sitenote_category":0,"footnotes":""},"class_list":["post-7750","page","type-page","status-publish","hentry"],"_links":{"self":[{"href":"https:\/\/iimyc.gob.ar\/fisioclim\/wp-json\/wp\/v2\/pages\/7750","targetHints":{"allow":["GET"]}}],"collection":[{"href":"https:\/\/iimyc.gob.ar\/fisioclim\/wp-json\/wp\/v2\/pages"}],"about":[{"href":"https:\/\/iimyc.gob.ar\/fisioclim\/wp-json\/wp\/v2\/types\/page"}],"author":[{"embeddable":true,"href":"https:\/\/iimyc.gob.ar\/fisioclim\/wp-json\/wp\/v2\/users\/1"}],"replies":[{"embeddable":true,"href":"https:\/\/iimyc.gob.ar\/fisioclim\/wp-json\/wp\/v2\/comments?post=7750"}],"version-history":[{"count":7,"href":"https:\/\/iimyc.gob.ar\/fisioclim\/wp-json\/wp\/v2\/pages\/7750\/revisions"}],"predecessor-version":[{"id":8011,"href":"https:\/\/iimyc.gob.ar\/fisioclim\/wp-json\/wp\/v2\/pages\/7750\/revisions\/8011"}],"up":[{"embeddable":true,"href":"https:\/\/iimyc.gob.ar\/fisioclim\/wp-json\/wp\/v2\/pages\/18"}],"wp:attachment":[{"href":"https:\/\/iimyc.gob.ar\/fisioclim\/wp-json\/wp\/v2\/media?parent=7750"}],"curies":[{"name":"wp","href":"https:\/\/api.w.org\/{rel}","templated":true}]}}