{"id":7673,"date":"2024-03-18T16:07:13","date_gmt":"2024-03-18T16:07:13","guid":{"rendered":"https:\/\/iimyc.gob.ar\/fisioclim\/?page_id=7673"},"modified":"2025-11-20T13:02:10","modified_gmt":"2025-11-20T16:02:10","slug":"scientific-commitee","status":"publish","type":"page","link":"https:\/\/iimyc.gob.ar\/fisioclim\/en\/organizing-committee\/scientific-commitee\/","title":{"rendered":"Scientific Commitee"},"content":{"rendered":"<h3 style=\"text-align: center;\"><span style=\"color: #808000;\"><strong><span style=\"color: #1a2948;\">The scientific committee is composed of the following researchers:<\/span><\/strong><br \/>\n<\/span><\/h3>\n<p style=\"text-align: center;\"><strong>Biondi, Laura (<a href=\"mailto:lmbiondi76@gmail.com\">lmbiondi76@gmail.com<\/a>, IIMYC-CONICET-UNMdP, Mar del Plata)<\/strong><\/p>\n<p style=\"text-align: center;\"><strong>Boretto, Jorgelina (<a href=\"mailto:borettojm@comahue-conicet.gob.ar\">borettojm@comahue-conicet.gob.ar<\/a>, INIBIOMA-CONICET, Bariloche)<\/strong><\/p>\n<p style=\"text-align: center;\"><strong>Busso, Juan Manuel (<a href=\"mailto:jmbusso@conicet.gov.ar\">jmbusso@conicet.gov.ar<\/a>, IIBYT-CONICET-UNC, C\u00f3rdoba capital)<\/strong><\/p>\n<p style=\"text-align: center;\"><strong>Cardozo, Gabriela (gabicardozo@yahoo.com.ar, IDEA-CONICET-UNC, C\u00f3rdoba capital)<\/strong><\/p>\n<p style=\"text-align: center;\"><strong>Cutrera, Ana Paula (<a href=\"mailto:acutrera@mdp.edu.ar\">acutrera@mdp.edu.ar<\/a>, IIMYC-CONICET-UNMdP, Mar del Plata)<\/strong><\/p>\n<p style=\"text-align: center;\"><strong>Luna, Facundo (<a href=\"mailto:fluna@mdp.edu.ar\">fluna@mdp.edu.ar<\/a>, IIMYC-CONICET-UNMdP, Mar del Plata)<\/strong><\/p>\n<p style=\"text-align: center;\"><strong>Mentesana, Lucia (<a href=\"mailto:luciamentesana@gmail.com\">luciamentesana@gmail.com<\/a>, Facultad de Ciencias-Universidad de la Rep\u00fablica, Uruguay)<\/strong><\/p>\n<p style=\"text-align: center;\"><strong>Miranda, Leandro (<a href=\"mailto:lmiranda@intech.gov.ar\">lmiranda@intech.gov.ar<\/a>, INTECH-CONICET-UNSAM, Chascom\u00fas)<\/strong><\/p>\n<p style=\"text-align: center;\"><strong>Novillo, Manuel (<a href=\"mailto:jmanuelnovillo@gmail.com\">jmanuelnovillo@gmail.com<\/a>, IDEA-CONICET-UNC, C\u00f3rdoba capital)<\/strong><\/p>\n<p style=\"text-align: center;\"><strong>Peluc, Susana (<a href=\"mailto:susana.peluc@unc.edu.ar\"><u>susana.peluc@unc.edu.ar<\/u><\/a>, IDEA-CONICET-UNC, C\u00f3rdoba capital)<\/strong><\/p>\n<p style=\"text-align: center;\"><strong>Ronderos, Jorge (<a href=\"mailto:jrondero@fcnym.unlp.edu.ar\">jrondero@fcnym.unlp.edu.ar<\/a>, C\u00e1t. HIstol. Embriol. Animal-Facultad de Cs. Naturales y Museo-UNLP, La Plata)<\/strong><\/p>\n<p style=\"text-align: center;\"><strong>Stellatelli, Oscar (<a href=\"mailto:os2830@gmail.com\">os2830@gmail.com<\/a>, IIMYC-CONICET-UNMdP, Mar del Plata)<\/strong><\/p>\n","protected":false},"excerpt":{"rendered":"<p>The scientific committee is composed of the following researchers: Biondi, Laura (lmbiondi76@gmail.com, IIMYC-CONICET-UNMdP, Mar del Plata) Boretto, Jorgelina (borettojm@comahue-conicet.gob.ar, INIBIOMA-CONICET, Bariloche) Busso, Juan Manuel (jmbusso@conicet.gov.ar, IIBYT-CONICET-UNC, C\u00f3rdoba capital) Cardozo, Gabriela (gabicardozo@yahoo.com.ar, IDEA-CONICET-UNC, C\u00f3rdoba capital) Cutrera, Ana Paula (acutrera@mdp.edu.ar, IIMYC-CONICET-UNMdP, Mar del Plata) Luna, Facundo (fluna@mdp.edu.ar, IIMYC-CONICET-UNMdP, Mar del Plata) Mentesana, Lucia (luciamentesana@gmail.com, Facultad de Ciencias-Universidad de la Rep\u00fablica, Uruguay) Miranda, Leandro (lmiranda@intech.gov.ar, INTECH-CONICET-UNSAM, Chascom\u00fas) Novillo, Manuel (jmanuelnovillo@gmail.com, IDEA-CONICET-UNC, C\u00f3rdoba capital) Peluc, Susana (susana.peluc@unc.edu.ar, IDEA-CONICET-UNC, C\u00f3rdoba capital) Ronderos, Jorge (jrondero@fcnym.unlp.edu.ar, C\u00e1t. HIstol. Embriol. Animal-Facultad de Cs. Naturales y Museo-UNLP, La Plata) Stellatelli, Oscar (os2830@gmail.com, IIMYC-CONICET-UNMdP, Mar del Plata)<\/p>\n","protected":false},"author":1,"featured_media":0,"parent":7653,"menu_order":0,"comment_status":"closed","ping_status":"closed","template":"page-templates\/page_fullwidth.php","meta":{"_monsterinsights_skip_tracking":false,"_monsterinsights_sitenote_active":false,"_monsterinsights_sitenote_note":"","_monsterinsights_sitenote_category":0,"footnotes":""},"class_list":["post-7673","page","type-page","status-publish","hentry"],"_links":{"self":[{"href":"https:\/\/iimyc.gob.ar\/fisioclim\/wp-json\/wp\/v2\/pages\/7673","targetHints":{"allow":["GET"]}}],"collection":[{"href":"https:\/\/iimyc.gob.ar\/fisioclim\/wp-json\/wp\/v2\/pages"}],"about":[{"href":"https:\/\/iimyc.gob.ar\/fisioclim\/wp-json\/wp\/v2\/types\/page"}],"author":[{"embeddable":true,"href":"https:\/\/iimyc.gob.ar\/fisioclim\/wp-json\/wp\/v2\/users\/1"}],"replies":[{"embeddable":true,"href":"https:\/\/iimyc.gob.ar\/fisioclim\/wp-json\/wp\/v2\/comments?post=7673"}],"version-history":[{"count":10,"href":"https:\/\/iimyc.gob.ar\/fisioclim\/wp-json\/wp\/v2\/pages\/7673\/revisions"}],"predecessor-version":[{"id":7997,"href":"https:\/\/iimyc.gob.ar\/fisioclim\/wp-json\/wp\/v2\/pages\/7673\/revisions\/7997"}],"up":[{"embeddable":true,"href":"https:\/\/iimyc.gob.ar\/fisioclim\/wp-json\/wp\/v2\/pages\/7653"}],"wp:attachment":[{"href":"https:\/\/iimyc.gob.ar\/fisioclim\/wp-json\/wp\/v2\/media?parent=7673"}],"curies":[{"name":"wp","href":"https:\/\/api.w.org\/{rel}","templated":true}]}}