{"id":67,"date":"2024-01-14T18:05:07","date_gmt":"2024-01-14T21:05:07","guid":{"rendered":"https:\/\/iimyc.gob.ar\/emeap2024\/?page_id=67"},"modified":"2024-10-07T22:14:01","modified_gmt":"2024-10-08T01:14:01","slug":"resumenes","status":"publish","type":"page","link":"https:\/\/iimyc.gob.ar\/emeap2024\/resumenes\/","title":{"rendered":"Res\u00famenes"},"content":{"rendered":"<p><span style=\"font-weight: 400;\">Para poder presentar un trabajo, el\/la expositor\/a debe estar inscripto\/a al congreso (formulario) y haber pagado la tarifa correspondiente seg\u00fan fecha y categor\u00eda.<\/span><\/p>\n<p><span style=\"font-weight: 400;\">Los trabajos ser\u00e1n presentados en modalidad oral o p\u00f3ster. En esta edici\u00f3n, todos los trabajos tendr\u00e1n la modalidad de resumen corto (hasta 400 palabras) y deber\u00e1n ser confeccionados utilizando la plantilla modelo disponible en el siguiente link:<\/span><\/p>\n<p><a href=\"https:\/\/iimyc.gob.ar\/emeap2024\/wp-content\/uploads\/2024\/03\/Plantilla_resumen_XIIEMEAP-1.docx\">Plantilla_resumen_XIIEMEAP<\/a><\/p>\n<p><span style=\"font-weight: 400;\">Los res\u00famenes deber\u00e1n ser enviados al mail del congreso (<\/span><a href=\"mailto:emeap2024@gmail.com\"><span style=\"font-weight: 400;\">emeap2024@gmail.com<\/span><\/a><span style=\"font-weight: 400;\">) hasta el <\/span><b>lunes 5 de agosto<\/b><span style=\"font-weight: 400;\">.\u00a0<\/span>El env\u00edo del\/los resumen\/es debe ser realizado por la persona inscripta. Los archivos deben estar nombrados con la palabra Resumen seguida del apellido del primer autor\/a (Resumen-Gonz\u00e1lez) y especificar los mismos datos en el asunto del mail de env\u00edo. En caso de presentaci\u00f3n de m\u00e1s de un trabajo, deber\u00e1n numerarse luego del apellido del\/la autor\/a.<\/p>\n<p><span style=\"font-weight: 400;\">Se aceptar\u00e1n hasta dos (2) trabajos por expositor\/a y no habr\u00e1 restricciones en el n\u00famero de trabajos con coautor\u00eda.\u00a0 <\/span><b>La consideraci\u00f3n de los res\u00famenes para su evaluaci\u00f3n y posterior incorporaci\u00f3n al Congreso queda sujeta al pago de la inscripci\u00f3n.<\/b><\/p>\n<p><b>Ejes tem\u00e1ticos<\/b><\/p>\n<ol>\n<li style=\"font-weight: 400;\" aria-level=\"1\"><span style=\"font-weight: 400;\">Estructura y din\u00e1mica de comunidades y poblaciones<\/span><\/li>\n<li style=\"font-weight: 400;\" aria-level=\"1\"><span style=\"font-weight: 400;\">Biodiversidad en ecosistemas acu\u00e1ticos pampeanos<\/span><\/li>\n<li style=\"font-weight: 400;\" aria-level=\"1\"><span style=\"font-weight: 400;\">Paleolimnolog\u00eda<\/span><\/li>\n<li style=\"font-weight: 400;\" aria-level=\"1\"><span style=\"font-weight: 400;\">Hidrogeoqu\u00edmica e hidrolog\u00eda de ecosistemas acu\u00e1ticos pampeanos<\/span><\/li>\n<li style=\"font-weight: 400;\" aria-level=\"1\"><span style=\"font-weight: 400;\">Procesos ecosist\u00e9micos<\/span><\/li>\n<li style=\"font-weight: 400;\" aria-level=\"1\"><span style=\"font-weight: 400;\">Ecotoxicolog\u00eda, biomarcadores, contaminantes y estresores m\u00faltiples<\/span><\/li>\n<li style=\"font-weight: 400;\" aria-level=\"1\"><span style=\"font-weight: 400;\">Acuicultura y pesquer\u00edas<\/span><\/li>\n<li style=\"font-weight: 400;\" aria-level=\"1\"><span style=\"font-weight: 400;\">Monitoreo y gesti\u00f3n de ecosistemas acu\u00e1ticos pampeanos<\/span><\/li>\n<li style=\"font-weight: 400;\" aria-level=\"1\"><span style=\"font-weight: 400;\">Conservaci\u00f3n y restauraci\u00f3n de ecosistemas acu\u00e1ticos pampeanos<\/span><\/li>\n<li style=\"font-weight: 400;\" aria-level=\"1\"><span style=\"font-weight: 400;\">\u00a0Educaci\u00f3n ambiental, extensi\u00f3n y comunicaci\u00f3n p\u00fablica de la ciencia<\/span><\/li>\n<\/ol>\n<p>&nbsp;<\/p>\n<p><strong>NORMAS PARA LA PRESENTACI\u00d3N DE TRABAJOS<\/strong><\/p>\n<p><strong>Presentaciones orales<\/strong><br \/>\nLas presentaciones orales tendr\u00e1n una duraci\u00f3n m\u00e1xima de 10 minutos m\u00e1s 5 minutos para preguntas. Los tiempos estipulados ser\u00e1n controlados estrictamente para no demorar la organizaci\u00f3n del Congreso, por lo cual, a los 8 minutos de exposici\u00f3n se avisar\u00e1 del tiempo restante y a los 10 minutos se abrir\u00e1 el micr\u00f3fono para preguntas del p\u00fablico. Las presentaciones deber\u00e1n presentarse en formato PowerPoint del paquete Office de Microsoft para sistema operativo Windows.<\/p>\n<p><strong>Presentaci\u00f3n de posters<\/strong><br \/>\nHabr\u00e1 tres sesiones de posters, una por cada d\u00eda de congreso. Cada p\u00f3ster deber\u00e1 tener 84,1 cm de ancho x 118,9 cm alto (tama\u00f1o A0). Los posters se colgar\u00e1n durante la ma\u00f1ana y se encontrar\u00e1n expuestos durante todo el d\u00eda independientemente del tiempo espec\u00edfico estipulado para su presentaci\u00f3n.<\/p>\n<p>&nbsp;<\/p>\n<div id=\"attachment_147\" style=\"width: 1316px\" class=\"wp-caption aligncenter\"><img loading=\"lazy\" decoding=\"async\" aria-describedby=\"caption-attachment-147\" src=\"https:\/\/iimyc.gob.ar\/emeap2024\/wp-content\/uploads\/2024\/03\/DJI_0105-scaled-e1709833267427-300x96.jpg\" alt=\"\" width=\"1306\" height=\"418\" class=\"wp-image-147 \" srcset=\"https:\/\/iimyc.gob.ar\/emeap2024\/wp-content\/uploads\/2024\/03\/DJI_0105-scaled-e1709833267427-300x96.jpg 300w, https:\/\/iimyc.gob.ar\/emeap2024\/wp-content\/uploads\/2024\/03\/DJI_0105-scaled-e1709833267427-1024x328.jpg 1024w, https:\/\/iimyc.gob.ar\/emeap2024\/wp-content\/uploads\/2024\/03\/DJI_0105-scaled-e1709833267427-768x246.jpg 768w, https:\/\/iimyc.gob.ar\/emeap2024\/wp-content\/uploads\/2024\/03\/DJI_0105-scaled-e1709833267427-1536x491.jpg 1536w, https:\/\/iimyc.gob.ar\/emeap2024\/wp-content\/uploads\/2024\/03\/DJI_0105-scaled-e1709833267427-2048x655.jpg 2048w\" sizes=\"auto, (max-width: 1306px) 100vw, 1306px\" \/><p id=\"caption-attachment-147\" class=\"wp-caption-text\">Laguna de Los Padres, Partido de General Pueyrredon, Provincia de Buenos Aires<\/p><\/div>\n","protected":false},"excerpt":{"rendered":"<p>Para poder presentar un trabajo, el\/la expositor\/a debe estar inscripto\/a al congreso (formulario) y haber pagado la tarifa correspondiente seg\u00fan fecha y categor\u00eda. Los trabajos ser\u00e1n presentados en modalidad oral o p\u00f3ster. En esta edici\u00f3n, todos los trabajos tendr\u00e1n la modalidad de resumen corto (hasta 400 palabras) y deber\u00e1n ser [&hellip;]<\/p>\n","protected":false},"author":1,"featured_media":0,"parent":0,"menu_order":0,"comment_status":"closed","ping_status":"closed","template":"","meta":{"footnotes":""},"class_list":["post-67","page","type-page","status-publish","hentry"],"_links":{"self":[{"href":"https:\/\/iimyc.gob.ar\/emeap2024\/wp-json\/wp\/v2\/pages\/67","targetHints":{"allow":["GET"]}}],"collection":[{"href":"https:\/\/iimyc.gob.ar\/emeap2024\/wp-json\/wp\/v2\/pages"}],"about":[{"href":"https:\/\/iimyc.gob.ar\/emeap2024\/wp-json\/wp\/v2\/types\/page"}],"author":[{"embeddable":true,"href":"https:\/\/iimyc.gob.ar\/emeap2024\/wp-json\/wp\/v2\/users\/1"}],"replies":[{"embeddable":true,"href":"https:\/\/iimyc.gob.ar\/emeap2024\/wp-json\/wp\/v2\/comments?post=67"}],"version-history":[{"count":24,"href":"https:\/\/iimyc.gob.ar\/emeap2024\/wp-json\/wp\/v2\/pages\/67\/revisions"}],"predecessor-version":[{"id":257,"href":"https:\/\/iimyc.gob.ar\/emeap2024\/wp-json\/wp\/v2\/pages\/67\/revisions\/257"}],"wp:attachment":[{"href":"https:\/\/iimyc.gob.ar\/emeap2024\/wp-json\/wp\/v2\/media?parent=67"}],"curies":[{"name":"wp","href":"https:\/\/api.w.org\/{rel}","templated":true}]}}