{"id":45,"date":"2024-01-14T17:44:42","date_gmt":"2024-01-14T20:44:42","guid":{"rendered":"https:\/\/iimyc.gob.ar\/emeap2024\/?page_id=45"},"modified":"2024-09-16T16:59:44","modified_gmt":"2024-09-16T19:59:44","slug":"quienes-somos","status":"publish","type":"page","link":"https:\/\/iimyc.gob.ar\/emeap2024\/sample-page\/quienes-somos\/","title":{"rendered":"\u00bfQui\u00e9nes somos?"},"content":{"rendered":"<h4 style=\"text-align: center;\"><b>Comit\u00e9 Organizador<\/b><\/h4>\n<h4 style=\"text-align: center;\"><span style=\"font-weight: 400;\">Juan Jos\u00e9 <\/span><span style=\"font-weight: 400;\">Rosso (IIMyC, CONICET, UNMdP)<\/span><\/h4>\n<h4 style=\"text-align: center;\"><span style=\"font-weight: 400;\">Natalia <\/span><span style=\"font-weight: 400;\">Borrelli (IGCyC, UNMdP, CIC \/ IIMyC, CONICET, UNMdP)<\/span><\/h4>\n<h4 style=\"text-align: center;\"><span style=\"font-weight: 400;\">Alejandra <\/span><span style=\"font-weight: 400;\">Rossin\u00a0<\/span><span style=\"font-weight: 400;\">(IIMyC, CONICET,<\/span> UNMdP)<\/h4>\n<h4 style=\"text-align: center;\"><span style=\"font-weight: 400;\">Fernando Gast\u00f3n Iturburu (IIMyC, CONICET, UNMdP)<\/span><\/h4>\n<h4 style=\"text-align: center;\"><span style=\"font-weight: 400;\">Mar\u00eda Soledad\u00a0<\/span><span style=\"font-weight: 400;\">Coco (ISFT 194)<\/span><\/h4>\n<h4 style=\"text-align: center;\"><b style=\"font-size: 18px;\"><img loading=\"lazy\" decoding=\"async\" class=\"wp-image-55 alignnone\" src=\"https:\/\/iimyc.gob.ar\/emeap2024\/wp-content\/uploads\/2024\/01\/ISFT-e1709835133278-300x236.jpeg\" alt=\"\" width=\"561\" height=\"441\" srcset=\"https:\/\/iimyc.gob.ar\/emeap2024\/wp-content\/uploads\/2024\/01\/ISFT-e1709835133278-300x236.jpeg 300w, https:\/\/iimyc.gob.ar\/emeap2024\/wp-content\/uploads\/2024\/01\/ISFT-e1709835133278-768x605.jpeg 768w, https:\/\/iimyc.gob.ar\/emeap2024\/wp-content\/uploads\/2024\/01\/ISFT-e1709835133278.jpeg 869w\" sizes=\"auto, (max-width: 561px) 100vw, 561px\" \/><\/b><\/h4>\n<h5 style=\"text-align: center;\"><b>Grupo Colaborador<\/b><\/h5>\n<h6 style=\"text-align: center;\">Battagliotti, Cristian (IIMyC, CONICET, UNMdP)<\/h6>\n<h6 style=\"text-align: center;\">Bertora Andrea (ECOSISTEMAS, CIC, UNICEN)<\/h6>\n<h6 style=\"text-align: center;\">Cantatore Delfina (IIMyC, CONICET, UNMdP)<\/h6>\n<h6 style=\"text-align: center;\">Esquius Karina Soledad (IIMyC, CONICET, UNMdP)<\/h6>\n<h6 style=\"text-align: center;\">Frayssinet Celia (IGCyC, UNMdP, CIC \/ IIMyC, CONICET, UNMdP)<\/h6>\n<h6 style=\"text-align: center;\">Marcotegui Paula (IIMyC, CONICET, UNMdP)<\/h6>\n<h6 style=\"text-align: center;\">Merlo Matias (IIMyC, CONICET, UNMdP)<\/h6>\n<h6 style=\"text-align: center;\">Pagliardini Ricardo (ISFT 194)<\/h6>\n<h6 style=\"text-align: center;\">Rivas Mateos Leandra (ISFT 194)<\/h6>\n<h6 style=\"text-align: center;\">Snitman Solana (IIMyC, CONICET, UNMdP)<\/h6>\n<h6 style=\"text-align: center;\">Taglioretti Veronica (IIMyC, CONICET, UNMdP)<\/h6>\n<h6><\/h6>\n<h5 style=\"text-align: center;\"><b>Comit\u00e9 Cient\u00edfico<\/b><\/h5>\n<h6 style=\"text-align: center;\">Bohn Vanesa (UNS, Bah\u00eda Blanca)<\/h6>\n<h6 style=\"text-align: center;\">Boveri Mar\u00eda (FAUBA)<\/h6>\n<h6 style=\"text-align: center;\">Cabrera Gabriela (UNLPampa)<\/h6>\n<h6 style=\"text-align: center;\">Estrada Vanina (PLAPIQUI, Bah\u00eda Blanca)<\/h6>\n<h6 style=\"text-align: center;\">Cantatore Delfina (IIMyC, CONICET, UNMdP)<\/h6>\n<h6 style=\"text-align: center;\">Delgado Isabel (UNLP, CONICET)<\/h6>\n<h6 style=\"text-align: center;\">Fontanarrosa Soledad (ECOSISTEMAS, CIC, UNICEN)<\/h6>\n<h6 style=\"text-align: center;\">Garc\u00eda de Souza Javier (ILPLA)<\/h6>\n<h6 style=\"text-align: center;\">Gonz\u00e1lez Sagrario Mar\u00eda de los \u00c1ngeles (IIMyC, CONICET, UNMdP)<\/h6>\n<h6 style=\"text-align: center;\">Grondona Sebasti\u00e1n (IGCyC, UNMdP, CIC \/ IIMyC, CONICET, UNMdP)<\/h6>\n<h6 style=\"text-align: center;\">Llames Mar\u00eda Eugenia (INTECH)<\/h6>\n<h6 style=\"text-align: center;\">Menone Mirta L. (IIMyC, CONICET, UNMdP)<\/h6>\n<h6 style=\"text-align: center;\">Negro Carlos Leandro (INALI, CONICET, UNL)<\/h6>\n<h6 style=\"text-align: center;\">Paracampo Ariel (ILPLA)<\/h6>\n<h6 style=\"text-align: center;\">Principe Romina (ICBIA, R\u00edo Cuarto)<\/h6>\n<h6 style=\"text-align: center;\">Rennella Armando (FAUBA)<\/h6>\n<h6 style=\"text-align: center;\">Romanelli Asunci\u00f3n (IGCyC, UNMdP, CIC \/ IIMyC, CONICET, UNMdP)<\/h6>\n<h6 style=\"text-align: center;\">Sal Moyano Mar\u00eda Paz (IIMyC, CONICET, UNMdP)<\/h6>\n<h6 style=\"text-align: center;\">Sanchez Laura (UBA)<\/h6>\n<h6 style=\"text-align: center;\">Sathicq Bel\u00e9n (ILPLA)<\/h6>\n<h6 style=\"text-align: center;\">Stutz Silvina (IIMyC, CONICET, UNMdP)<\/h6>\n<h6 style=\"text-align: center;\">Taglioretti Veronica (IIMyC, CONICET, UNMdP)<\/h6>\n<h6 style=\"text-align: center;\">Tonello Marcela (IIMyC, CONICET, UNMdP)<\/h6>\n<h6 style=\"text-align: center;\">Torremorell Ana (UNLuj\u00e1n)<\/h6>\n<h6 style=\"text-align: center;\">Yema Lilen (IEGEBA, UBA)<\/h6>\n","protected":false},"excerpt":{"rendered":"<p>Comit\u00e9 Organizador Juan Jos\u00e9 Rosso (IIMyC, CONICET, UNMdP) Natalia Borrelli (IGCyC, UNMdP, CIC \/ IIMyC, CONICET, UNMdP) Alejandra Rossin\u00a0(IIMyC, CONICET, UNMdP) Fernando Gast\u00f3n Iturburu (IIMyC, CONICET, UNMdP) Mar\u00eda Soledad\u00a0Coco (ISFT 194) Grupo Colaborador Battagliotti, Cristian (IIMyC, CONICET, UNMdP) Bertora Andrea (ECOSISTEMAS, CIC, UNICEN) Cantatore Delfina (IIMyC, CONICET, UNMdP) Esquius Karina [&hellip;]<\/p>\n","protected":false},"author":1,"featured_media":0,"parent":2,"menu_order":0,"comment_status":"closed","ping_status":"closed","template":"","meta":{"footnotes":""},"class_list":["post-45","page","type-page","status-publish","hentry"],"_links":{"self":[{"href":"https:\/\/iimyc.gob.ar\/emeap2024\/wp-json\/wp\/v2\/pages\/45","targetHints":{"allow":["GET"]}}],"collection":[{"href":"https:\/\/iimyc.gob.ar\/emeap2024\/wp-json\/wp\/v2\/pages"}],"about":[{"href":"https:\/\/iimyc.gob.ar\/emeap2024\/wp-json\/wp\/v2\/types\/page"}],"author":[{"embeddable":true,"href":"https:\/\/iimyc.gob.ar\/emeap2024\/wp-json\/wp\/v2\/users\/1"}],"replies":[{"embeddable":true,"href":"https:\/\/iimyc.gob.ar\/emeap2024\/wp-json\/wp\/v2\/comments?post=45"}],"version-history":[{"count":16,"href":"https:\/\/iimyc.gob.ar\/emeap2024\/wp-json\/wp\/v2\/pages\/45\/revisions"}],"predecessor-version":[{"id":253,"href":"https:\/\/iimyc.gob.ar\/emeap2024\/wp-json\/wp\/v2\/pages\/45\/revisions\/253"}],"up":[{"embeddable":true,"href":"https:\/\/iimyc.gob.ar\/emeap2024\/wp-json\/wp\/v2\/pages\/2"}],"wp:attachment":[{"href":"https:\/\/iimyc.gob.ar\/emeap2024\/wp-json\/wp\/v2\/media?parent=45"}],"curies":[{"name":"wp","href":"https:\/\/api.w.org\/{rel}","templated":true}]}}