{"id":290,"date":"2024-10-18T23:17:20","date_gmt":"2024-10-19T02:17:20","guid":{"rendered":"https:\/\/iimyc.gob.ar\/emeap2024\/?page_id=290"},"modified":"2024-10-18T23:17:20","modified_gmt":"2024-10-19T02:17:20","slug":"informacion-turistica-2","status":"publish","type":"page","link":"https:\/\/iimyc.gob.ar\/emeap2024\/informacion-turistica-2\/","title":{"rendered":"Informaci\u00f3n Tur\u00edstica"},"content":{"rendered":"<p><img loading=\"lazy\" decoding=\"async\" src=\"https:\/\/iimyc.gob.ar\/emeap2024\/wp-content\/uploads\/2024\/10\/PASEO-COMERCIAL-9-DE-JULIO.png\" alt=\"\" width=\"666\" height=\"942\" class=\"wp-image-284 aligncenter\" srcset=\"https:\/\/iimyc.gob.ar\/emeap2024\/wp-content\/uploads\/2024\/10\/PASEO-COMERCIAL-9-DE-JULIO.png 1414w, https:\/\/iimyc.gob.ar\/emeap2024\/wp-content\/uploads\/2024\/10\/PASEO-COMERCIAL-9-DE-JULIO-212x300.png 212w, https:\/\/iimyc.gob.ar\/emeap2024\/wp-content\/uploads\/2024\/10\/PASEO-COMERCIAL-9-DE-JULIO-724x1024.png 724w, https:\/\/iimyc.gob.ar\/emeap2024\/wp-content\/uploads\/2024\/10\/PASEO-COMERCIAL-9-DE-JULIO-768x1086.png 768w, https:\/\/iimyc.gob.ar\/emeap2024\/wp-content\/uploads\/2024\/10\/PASEO-COMERCIAL-9-DE-JULIO-1086x1536.png 1086w\" sizes=\"auto, (max-width: 666px) 100vw, 666px\" \/> <img loading=\"lazy\" decoding=\"async\" src=\"https:\/\/iimyc.gob.ar\/emeap2024\/wp-content\/uploads\/2024\/10\/BIENAL-DE-ARTE.png\" alt=\"\" width=\"667\" height=\"934\" class=\"wp-image-285 aligncenter\" srcset=\"https:\/\/iimyc.gob.ar\/emeap2024\/wp-content\/uploads\/2024\/10\/BIENAL-DE-ARTE.png 1428w, https:\/\/iimyc.gob.ar\/emeap2024\/wp-content\/uploads\/2024\/10\/BIENAL-DE-ARTE-214x300.png 214w, https:\/\/iimyc.gob.ar\/emeap2024\/wp-content\/uploads\/2024\/10\/BIENAL-DE-ARTE-731x1024.png 731w, https:\/\/iimyc.gob.ar\/emeap2024\/wp-content\/uploads\/2024\/10\/BIENAL-DE-ARTE-768x1076.png 768w, https:\/\/iimyc.gob.ar\/emeap2024\/wp-content\/uploads\/2024\/10\/BIENAL-DE-ARTE-1097x1536.png 1097w\" sizes=\"auto, (max-width: 667px) 100vw, 667px\" \/> <img loading=\"lazy\" decoding=\"async\" src=\"https:\/\/iimyc.gob.ar\/emeap2024\/wp-content\/uploads\/2024\/10\/BOSQUE-ENERGETICO.png\" alt=\"\" width=\"666\" height=\"942\" class=\"wp-image-283 aligncenter\" srcset=\"https:\/\/iimyc.gob.ar\/emeap2024\/wp-content\/uploads\/2024\/10\/BOSQUE-ENERGETICO.png 2480w, https:\/\/iimyc.gob.ar\/emeap2024\/wp-content\/uploads\/2024\/10\/BOSQUE-ENERGETICO-212x300.png 212w, https:\/\/iimyc.gob.ar\/emeap2024\/wp-content\/uploads\/2024\/10\/BOSQUE-ENERGETICO-724x1024.png 724w, https:\/\/iimyc.gob.ar\/emeap2024\/wp-content\/uploads\/2024\/10\/BOSQUE-ENERGETICO-768x1086.png 768w, https:\/\/iimyc.gob.ar\/emeap2024\/wp-content\/uploads\/2024\/10\/BOSQUE-ENERGETICO-1086x1536.png 1086w, https:\/\/iimyc.gob.ar\/emeap2024\/wp-content\/uploads\/2024\/10\/BOSQUE-ENERGETICO-1448x2048.png 1448w\" sizes=\"auto, (max-width: 666px) 100vw, 666px\" \/> <img loading=\"lazy\" decoding=\"async\" src=\"https:\/\/iimyc.gob.ar\/emeap2024\/wp-content\/uploads\/2024\/10\/MAR-DEL-SUR.jpg\" alt=\"\" width=\"667\" height=\"1668\" class=\"wp-image-286 aligncenter\" srcset=\"https:\/\/iimyc.gob.ar\/emeap2024\/wp-content\/uploads\/2024\/10\/MAR-DEL-SUR.jpg 800w, https:\/\/iimyc.gob.ar\/emeap2024\/wp-content\/uploads\/2024\/10\/MAR-DEL-SUR-120x300.jpg 120w, https:\/\/iimyc.gob.ar\/emeap2024\/wp-content\/uploads\/2024\/10\/MAR-DEL-SUR-410x1024.jpg 410w, https:\/\/iimyc.gob.ar\/emeap2024\/wp-content\/uploads\/2024\/10\/MAR-DEL-SUR-768x1920.jpg 768w, https:\/\/iimyc.gob.ar\/emeap2024\/wp-content\/uploads\/2024\/10\/MAR-DEL-SUR-614x1536.jpg 614w\" sizes=\"auto, (max-width: 667px) 100vw, 667px\" \/><\/p>\n<h2><\/h2>\n<h2 style=\"text-align: center;\">+ INFORMACI\u00d3N TUR\u00cdSTICA <a href=\"https:\/\/miramar.tur.ar\/#turismo\">AQU\u00cd<\/a><\/h2>\n<h2 style=\"text-align: center;\">INFORMACI\u00d3N HOTELERA <a href=\"https:\/\/miramar.tur.ar\/index.php\/alojamientos-2\/\">AQU\u00cd<\/a><\/h2>\n<h2 style=\"text-align: center;\">OPCIONES GASTRON\u00d3MICAS <a href=\"https:\/\/miramar.tur.ar\/index.php\/gastronomia-3\/\">AQU\u00cd<\/a><\/h2>\n<p>&nbsp;<\/p>\n","protected":false},"excerpt":{"rendered":"<p>+ INFORMACI\u00d3N TUR\u00cdSTICA AQU\u00cd INFORMACI\u00d3N HOTELERA AQU\u00cd OPCIONES GASTRON\u00d3MICAS AQU\u00cd &nbsp;<\/p>\n","protected":false},"author":1,"featured_media":0,"parent":0,"menu_order":0,"comment_status":"closed","ping_status":"closed","template":"","meta":{"footnotes":""},"class_list":["post-290","page","type-page","status-publish","hentry"],"_links":{"self":[{"href":"https:\/\/iimyc.gob.ar\/emeap2024\/wp-json\/wp\/v2\/pages\/290","targetHints":{"allow":["GET"]}}],"collection":[{"href":"https:\/\/iimyc.gob.ar\/emeap2024\/wp-json\/wp\/v2\/pages"}],"about":[{"href":"https:\/\/iimyc.gob.ar\/emeap2024\/wp-json\/wp\/v2\/types\/page"}],"author":[{"embeddable":true,"href":"https:\/\/iimyc.gob.ar\/emeap2024\/wp-json\/wp\/v2\/users\/1"}],"replies":[{"embeddable":true,"href":"https:\/\/iimyc.gob.ar\/emeap2024\/wp-json\/wp\/v2\/comments?post=290"}],"version-history":[{"count":1,"href":"https:\/\/iimyc.gob.ar\/emeap2024\/wp-json\/wp\/v2\/pages\/290\/revisions"}],"predecessor-version":[{"id":291,"href":"https:\/\/iimyc.gob.ar\/emeap2024\/wp-json\/wp\/v2\/pages\/290\/revisions\/291"}],"wp:attachment":[{"href":"https:\/\/iimyc.gob.ar\/emeap2024\/wp-json\/wp\/v2\/media?parent=290"}],"curies":[{"name":"wp","href":"https:\/\/api.w.org\/{rel}","templated":true}]}}