{"id":2,"date":"2023-12-26T11:32:00","date_gmt":"2023-12-26T11:32:00","guid":{"rendered":"https:\/\/iimyc.gob.ar\/emeap2024\/?page_id=2"},"modified":"2024-10-07T22:20:09","modified_gmt":"2024-10-08T01:20:09","slug":"sample-page","status":"publish","type":"page","link":"https:\/\/iimyc.gob.ar\/emeap2024\/sample-page\/","title":{"rendered":"Sobre el XII EMEAP"},"content":{"rendered":"\r\n<h5 class=\"LC20lb MBeuO DKV0Md\" style=\"text-align: left;\">El XII Congreso de Ecolog\u00eda y Manejo de Ecosistemas Acu\u00e1ticos se llevar\u00e1 a cabo entre el 23 y el 25 de octubre de 2024, en la ciudad de Miramar (Buenos Aires).<\/h5>\r\n<h5 style=\"text-align: left;\">Este Congreso re\u00fane hist\u00f3ricamente a profesionales de distintas disciplinas, estudiantes de diferentes niveles, gestores, personal de la administraci\u00f3n p\u00fablica y diversos actores sociales, todos interesados en un tema central: el conocimiento para el manejo adecuado de los ecosistemas acu\u00e1ticos de la regi\u00f3n pampeana. Es por ello que esta reuni\u00f3n cient\u00edfica representa un espacio propicio para la discusi\u00f3n de temas prioritarios, promoviendo el intercambio de conocimiento y la discusi\u00f3n interdisciplinaria de las \u00e1reas tem\u00e1ticas asociadas a los ecosistemas acu\u00e1ticos pampeanos.<\/h5>\r\n<h4><\/h4>\r\n<h4 style=\"text-align: center;\"><span style=\"color: #ff0000;\">Lugar de realizaci\u00f3n<\/span><br \/>Instituto Superior de Formaci\u00f3n T\u00e9cnica 194<br \/>(ISFT 194), Fortunato de la Plaza 1620,<br \/>Miramar, Buenos Aires, Argentina.<br \/><a href=\"https:\/\/www.isft194.edu.ar\/\">https:\/\/www.isft194.edu.ar\/<\/a><\/h4>\r\n<p><img loading=\"lazy\" decoding=\"async\" src=\"https:\/\/iimyc.gob.ar\/emeap2024\/wp-content\/uploads\/2024\/03\/Ubicacionjpg-300x196.jpg\" alt=\"\" width=\"1361\" height=\"889\" class=\"alignnone  wp-image-161\" srcset=\"https:\/\/iimyc.gob.ar\/emeap2024\/wp-content\/uploads\/2024\/03\/Ubicacionjpg-300x196.jpg 300w, https:\/\/iimyc.gob.ar\/emeap2024\/wp-content\/uploads\/2024\/03\/Ubicacionjpg-1024x668.jpg 1024w, https:\/\/iimyc.gob.ar\/emeap2024\/wp-content\/uploads\/2024\/03\/Ubicacionjpg-768x501.jpg 768w\" sizes=\"auto, (max-width: 1361px) 100vw, 1361px\" \/><img loading=\"lazy\" decoding=\"async\" src=\"https:\/\/iimyc.gob.ar\/emeap2024\/wp-content\/uploads\/2024\/03\/isft.jpg\" alt=\"\" width=\"1360\" height=\"765\" class=\"alignnone size-full wp-image-165\" srcset=\"https:\/\/iimyc.gob.ar\/emeap2024\/wp-content\/uploads\/2024\/03\/isft.jpg 1360w, https:\/\/iimyc.gob.ar\/emeap2024\/wp-content\/uploads\/2024\/03\/isft-300x169.jpg 300w, https:\/\/iimyc.gob.ar\/emeap2024\/wp-content\/uploads\/2024\/03\/isft-1024x576.jpg 1024w, https:\/\/iimyc.gob.ar\/emeap2024\/wp-content\/uploads\/2024\/03\/isft-768x432.jpg 768w\" sizes=\"auto, (max-width: 1360px) 100vw, 1360px\" \/><\/p>\r\n<h2 style=\"text-align: center;\">INFORMACI\u00d3N HOTELERA MIRAMAR <strong><a href=\"https:\/\/miramar.tur.ar\/index.php\/alojamientos-2\/\">AQU\u00ed<\/a><\/strong><\/h2>\r\n<h2 style=\"text-align: center;\">INFORMACI\u00d3N TUR\u00cdSTICA MIRAMAR <strong><a href=\"https:\/\/miramar.tur.ar\/#turismo\">AQU\u00cd<\/a><\/strong><\/h2>\r\n<h2 style=\"text-align: center;\">OPCIONES GASTRON\u00d3MICAS <strong><a href=\"https:\/\/miramar.tur.ar\/index.php\/gastronomia-3\/\">AQU\u00cd<\/a><\/strong><\/h2>\r\n","protected":false},"excerpt":{"rendered":"<p>El XII Congreso de Ecolog\u00eda y Manejo de Ecosistemas Acu\u00e1ticos se llevar\u00e1 a cabo entre el 23 y el 25 de octubre de 2024, en la ciudad de Miramar (Buenos Aires). Este Congreso re\u00fane hist\u00f3ricamente a profesionales de distintas disciplinas, estudiantes de diferentes niveles, gestores, personal de la administraci\u00f3n p\u00fablica [&hellip;]<\/p>\n","protected":false},"author":1,"featured_media":0,"parent":0,"menu_order":0,"comment_status":"closed","ping_status":"open","template":"","meta":{"footnotes":""},"class_list":["post-2","page","type-page","status-publish","hentry"],"_links":{"self":[{"href":"https:\/\/iimyc.gob.ar\/emeap2024\/wp-json\/wp\/v2\/pages\/2","targetHints":{"allow":["GET"]}}],"collection":[{"href":"https:\/\/iimyc.gob.ar\/emeap2024\/wp-json\/wp\/v2\/pages"}],"about":[{"href":"https:\/\/iimyc.gob.ar\/emeap2024\/wp-json\/wp\/v2\/types\/page"}],"author":[{"embeddable":true,"href":"https:\/\/iimyc.gob.ar\/emeap2024\/wp-json\/wp\/v2\/users\/1"}],"replies":[{"embeddable":true,"href":"https:\/\/iimyc.gob.ar\/emeap2024\/wp-json\/wp\/v2\/comments?post=2"}],"version-history":[{"count":10,"href":"https:\/\/iimyc.gob.ar\/emeap2024\/wp-json\/wp\/v2\/pages\/2\/revisions"}],"predecessor-version":[{"id":260,"href":"https:\/\/iimyc.gob.ar\/emeap2024\/wp-json\/wp\/v2\/pages\/2\/revisions\/260"}],"wp:attachment":[{"href":"https:\/\/iimyc.gob.ar\/emeap2024\/wp-json\/wp\/v2\/media?parent=2"}],"curies":[{"name":"wp","href":"https:\/\/api.w.org\/{rel}","templated":true}]}}