{"id":125,"date":"2024-01-15T09:32:58","date_gmt":"2024-01-15T12:32:58","guid":{"rendered":"https:\/\/iimyc.gob.ar\/emeap2024\/?page_id=125"},"modified":"2024-07-02T09:49:59","modified_gmt":"2024-07-02T12:49:59","slug":"inscripcion","status":"publish","type":"page","link":"https:\/\/iimyc.gob.ar\/emeap2024\/inscripcion\/","title":{"rendered":"Inscripci\u00f3n"},"content":{"rendered":"<p><span style=\"font-weight: 400;\">La inscripci\u00f3n se realizar\u00e1 mediante el siguiente formulario:<\/span><\/p>\n<p><a href=\"https:\/\/docs.google.com\/forms\/d\/e\/1FAIpQLSfLcsoUuysyG10ptkPjYeqg_FM7aaB1hfA7NPjxuy0mEjjdYA\/viewform?usp=pp_url\"><span style=\"color: #ff0000;\">Formulario de inscripci\u00f3n<\/span><\/a><\/p>\n<p><span style=\"font-weight: 400;\">No habr\u00e1 preinscripci\u00f3n, primero realizar el pago seg\u00fan fecha y categor\u00eda y luego completar el formulario de inscripci\u00f3n adjuntando comprobante de pago y datos para facturaci\u00f3n. <\/span><\/p>\n<p><span style=\"font-weight: 400;\">IMPORTANTE: Los datos para la facturaci\u00f3n y el comprobante de pago deber\u00e1n adjuntarse en el formulario de inscripci\u00f3n.<\/span><\/p>\n<p>&nbsp;<\/p>\n<table>\n<tbody>\n<tr>\n<td><\/td>\n<td><b>Hasta el 10\/6<\/b><\/td>\n<td><b>11\/6 al 30\/9<\/b><\/td>\n<td><b>A partir del 1\/10<\/b><\/td>\n<\/tr>\n<tr>\n<td><span style=\"font-weight: 400;\">Investigadores o Profesionales<\/span><\/td>\n<td><span style=\"font-weight: 400;\">$30000<\/span><\/td>\n<td><span style=\"font-weight: 400;\">$45000<\/span><\/td>\n<td><span style=\"font-weight: 400;\">$60000<\/span><\/td>\n<\/tr>\n<tr>\n<td><span style=\"font-weight: 400;\">Estudiantes de Postgrado<\/span><\/td>\n<td><span style=\"font-weight: 400;\">$20000<\/span><\/td>\n<td><span style=\"font-weight: 400;\">$25000<\/span><\/td>\n<td><span style=\"font-weight: 400;\">$25000<\/span><\/td>\n<\/tr>\n<tr>\n<td><span style=\"font-weight: 400;\">Estudiantes de Grado<\/span><\/td>\n<td><span style=\"font-weight: 400;\">$15000<\/span><\/td>\n<td><span style=\"font-weight: 400;\">$20000<\/span><\/td>\n<td><span style=\"font-weight: 400;\">$20000<\/span><\/td>\n<\/tr>\n<\/tbody>\n<\/table>\n<p>&nbsp;<\/p>\n<p><strong>Modalidad de pago<\/strong><\/p>\n<p><span style=\"font-weight: 400;\">El pago de la inscripci\u00f3n deber\u00e1 efectuarse mediante transferencia bancaria a la Fundaci\u00f3n de la Universidad Nacional de Mar del Plata:<\/span><\/p>\n<p><span style=\"font-weight: 400;\">CBU: 0070078820000013309293<\/span><\/p>\n<p><span style=\"font-weight: 400;\">Alias: fumdpgalicia<\/span><\/p>\n<p><span style=\"font-weight: 400;\">Titular: Fundaci\u00f3n de la Universidad Nacional de Mar del Plata<\/span><\/p>\n<p><span style=\"font-weight: 400;\">CUIT: 30-67681370-1<\/span><\/p>\n<p><span style=\"font-weight: 400;\">Cuenta corriente en pesos: 13309-2 078-9<\/span><\/p>\n<p>&nbsp;<\/p>\n<p><img loading=\"lazy\" decoding=\"async\" src=\"https:\/\/iimyc.gob.ar\/emeap2024\/wp-content\/uploads\/2024\/03\/IMG_20191116_111945-300x225.jpg\" alt=\"\" width=\"928\" height=\"696\" class=\" wp-image-135 aligncenter\" srcset=\"https:\/\/iimyc.gob.ar\/emeap2024\/wp-content\/uploads\/2024\/03\/IMG_20191116_111945-300x225.jpg 300w, https:\/\/iimyc.gob.ar\/emeap2024\/wp-content\/uploads\/2024\/03\/IMG_20191116_111945-1024x768.jpg 1024w, https:\/\/iimyc.gob.ar\/emeap2024\/wp-content\/uploads\/2024\/03\/IMG_20191116_111945-768x576.jpg 768w, https:\/\/iimyc.gob.ar\/emeap2024\/wp-content\/uploads\/2024\/03\/IMG_20191116_111945-1536x1152.jpg 1536w, https:\/\/iimyc.gob.ar\/emeap2024\/wp-content\/uploads\/2024\/03\/IMG_20191116_111945-2048x1536.jpg 2048w\" sizes=\"auto, (max-width: 928px) 100vw, 928px\" \/><\/p>\n<p style=\"text-align: center;\">Laguna La Brava, Partido de Balcarce, Provincia de Buenos Aires.<\/p>\n","protected":false},"excerpt":{"rendered":"<p>La inscripci\u00f3n se realizar\u00e1 mediante el siguiente formulario: Formulario de inscripci\u00f3n No habr\u00e1 preinscripci\u00f3n, primero realizar el pago seg\u00fan fecha y categor\u00eda y luego completar el formulario de inscripci\u00f3n adjuntando comprobante de pago y datos para facturaci\u00f3n. IMPORTANTE: Los datos para la facturaci\u00f3n y el comprobante de pago deber\u00e1n adjuntarse [&hellip;]<\/p>\n","protected":false},"author":1,"featured_media":0,"parent":0,"menu_order":0,"comment_status":"closed","ping_status":"closed","template":"page-templates\/template-fullwidth.php","meta":{"footnotes":""},"class_list":["post-125","page","type-page","status-publish","hentry"],"_links":{"self":[{"href":"https:\/\/iimyc.gob.ar\/emeap2024\/wp-json\/wp\/v2\/pages\/125","targetHints":{"allow":["GET"]}}],"collection":[{"href":"https:\/\/iimyc.gob.ar\/emeap2024\/wp-json\/wp\/v2\/pages"}],"about":[{"href":"https:\/\/iimyc.gob.ar\/emeap2024\/wp-json\/wp\/v2\/types\/page"}],"author":[{"embeddable":true,"href":"https:\/\/iimyc.gob.ar\/emeap2024\/wp-json\/wp\/v2\/users\/1"}],"replies":[{"embeddable":true,"href":"https:\/\/iimyc.gob.ar\/emeap2024\/wp-json\/wp\/v2\/comments?post=125"}],"version-history":[{"count":17,"href":"https:\/\/iimyc.gob.ar\/emeap2024\/wp-json\/wp\/v2\/pages\/125\/revisions"}],"predecessor-version":[{"id":221,"href":"https:\/\/iimyc.gob.ar\/emeap2024\/wp-json\/wp\/v2\/pages\/125\/revisions\/221"}],"wp:attachment":[{"href":"https:\/\/iimyc.gob.ar\/emeap2024\/wp-json\/wp\/v2\/media?parent=125"}],"curies":[{"name":"wp","href":"https:\/\/api.w.org\/{rel}","templated":true}]}}