{"id":93,"date":"2022-05-30T14:23:36","date_gmt":"2022-05-30T14:23:36","guid":{"rendered":"http:\/\/iimyc.gob.ar\/cursor\/?page_id=93"},"modified":"2023-09-11T20:04:27","modified_gmt":"2023-09-11T20:04:27","slug":"programa","status":"publish","type":"page","link":"https:\/\/iimyc.gob.ar\/cursor\/clases\/programa\/","title":{"rendered":"Programa"},"content":{"rendered":"\n<ol class=\"wp-block-list\">\n<li><strong>Introducci\u00f3n a la programaci\u00f3n con R<\/strong>\n<ul class=\"wp-block-list\">\n<li>Caracter\u00edsticas generales<\/li>\n\n\n\n<li>Proyectos<\/li>\n\n\n\n<li>[EJERCICIOS]<\/li>\n\n\n\n<li>Carga de datos<\/li>\n\n\n\n<li>[EJERCICIOS]<\/li>\n\n\n\n<li>Tipos de valores y objetos<\/li>\n\n\n\n<li>Control de calidad<\/li>\n\n\n\n<li>[EJERCICIOS]<\/li>\n\n\n\n<li>Operadores<\/li>\n\n\n\n<li>[EJERCICIOS]<\/li>\n\n\n\n<li>Funciones b\u00e1sicas y errores comunes<\/li>\n\n\n\n<li>[EJERCICIOS]<\/li>\n<\/ul>\n<\/li>\n\n\n\n<li>Optimizaci\u00f3n y preparaci\u00f3n del trabajo\n<ul class=\"wp-block-list\">\n<li>Pipes nativos<\/li>\n\n\n\n<li>[EJERCICIOS]<\/li>\n\n\n\n<li>Expresiones regulares<\/li>\n\n\n\n<li>[EJERCICIOS]<\/li>\n\n\n\n<li>Fechas<\/li>\n\n\n\n<li>[EJERCICIOS]<\/li>\n\n\n\n<li>Datos espaciales<\/li>\n\n\n\n<li>[EJERCICIOS]<\/li>\n<\/ul>\n<\/li>\n\n\n\n<li>Introducci\u00f3n a loops\n<ul class=\"wp-block-list\">\n<li>Tareas b\u00e1sicas<\/li>\n\n\n\n<li>[EJERCICIOS]<\/li>\n\n\n\n<li>Loops sobre planillas<\/li>\n\n\n\n<li>[EJERCICIOS]<\/li>\n\n\n\n<li>Introducci\u00f3n a funciones<\/li>\n\n\n\n<li>Remuestreo<\/li>\n\n\n\n<li>[EJERCICIOS]<\/li>\n<\/ul>\n<\/li>\n\n\n\n<li><strong>Estad\u00edstica b\u00e1sica<\/strong>\n<ul class=\"wp-block-list\">\n<li>Inferencia<\/li>\n\n\n\n<li>Tama\u00f1o muestreal<\/li>\n\n\n\n<li>Poder estad\u00edstico<\/li>\n\n\n\n<li>L\u00f3gica detr\u00e1s de an\u00e1lisis param\u00e9tricos b\u00e1sicos (test de t, regresi\u00f3n, ANOVA)<\/li>\n<\/ul>\n<\/li>\n\n\n\n<li><strong>Simplificaci\u00f3n del trabajo<\/strong>\n<ul class=\"wp-block-list\">\n<li>Pipes<\/li>\n\n\n\n<li>C\u00e1lculo de nuevas variables<\/li>\n\n\n\n<li>Uni\u00f3n de tablas<\/li>\n\n\n\n<li>Resumen de tablas<\/li>\n\n\n\n<li>Cambio de formato (ancho \/ largo)<\/li>\n\n\n\n<li>C\u00e1lculos por grupo<\/li>\n\n\n\n<li>Desplazamiento de datos<\/li>\n<\/ul>\n<\/li>\n\n\n\n<li><strong>Visualizaci\u00f3n<\/strong>\n<ul class=\"wp-block-list\">\n<li>Nociones b\u00e1sicas de ggplot2<\/li>\n\n\n\n<li>Tipos de gr\u00e1ficos: box-plot, barras, l\u00edneas, puntos&#8230;<\/li>\n\n\n\n<li>[EJERCICIOS]<\/li>\n\n\n\n<li>Capas de color, tama\u00f1o y forma<\/li>\n\n\n\n<li>Temas<\/li>\n\n\n\n<li>[EJERCICIOS]<\/li>\n\n\n\n<li>Complementos<\/li>\n\n\n\n<li>[EJERCICIOS]<\/li>\n\n\n\n<li>Tablas<\/li>\n\n\n\n<li>[EJERCICIOS]<\/li>\n<\/ul>\n<\/li>\n<\/ol>\n","protected":false},"excerpt":{"rendered":"","protected":false},"author":1,"featured_media":0,"parent":14,"menu_order":0,"comment_status":"closed","ping_status":"closed","template":"","meta":{"footnotes":""},"class_list":["post-93","page","type-page","status-publish","czr-hentry"],"_links":{"self":[{"href":"https:\/\/iimyc.gob.ar\/cursor\/wp-json\/wp\/v2\/pages\/93","targetHints":{"allow":["GET"]}}],"collection":[{"href":"https:\/\/iimyc.gob.ar\/cursor\/wp-json\/wp\/v2\/pages"}],"about":[{"href":"https:\/\/iimyc.gob.ar\/cursor\/wp-json\/wp\/v2\/types\/page"}],"author":[{"embeddable":true,"href":"https:\/\/iimyc.gob.ar\/cursor\/wp-json\/wp\/v2\/users\/1"}],"replies":[{"embeddable":true,"href":"https:\/\/iimyc.gob.ar\/cursor\/wp-json\/wp\/v2\/comments?post=93"}],"version-history":[{"count":7,"href":"https:\/\/iimyc.gob.ar\/cursor\/wp-json\/wp\/v2\/pages\/93\/revisions"}],"predecessor-version":[{"id":269,"href":"https:\/\/iimyc.gob.ar\/cursor\/wp-json\/wp\/v2\/pages\/93\/revisions\/269"}],"up":[{"embeddable":true,"href":"https:\/\/iimyc.gob.ar\/cursor\/wp-json\/wp\/v2\/pages\/14"}],"wp:attachment":[{"href":"https:\/\/iimyc.gob.ar\/cursor\/wp-json\/wp\/v2\/media?parent=93"}],"curies":[{"name":"wp","href":"https:\/\/api.w.org\/{rel}","templated":true}]}}