{"id":14,"date":"2018-04-23T16:22:08","date_gmt":"2018-04-23T16:22:08","guid":{"rendered":"http:\/\/iimyc.gob.ar\/cursor\/?page_id=14"},"modified":"2023-09-19T21:28:38","modified_gmt":"2023-09-19T21:28:38","slug":"clases","status":"publish","type":"page","link":"https:\/\/iimyc.gob.ar\/cursor\/clases\/","title":{"rendered":"Programa y clases"},"content":{"rendered":"\n<div class=\"wp-block-group\"><div class=\"wp-block-group__inner-container is-layout-constrained wp-block-group-is-layout-constrained\">\n<div class=\"wp-block-columns is-layout-flex wp-container-core-columns-is-layout-9d6595d7 wp-block-columns-is-layout-flex\">\n<div class=\"wp-block-column is-layout-flow wp-block-column-is-layout-flow\" style=\"flex-basis:100%\">\n<div class=\"wp-block-group\"><div class=\"wp-block-group__inner-container is-layout-constrained wp-block-group-is-layout-constrained\">\n<h3 class=\"wp-block-heading\"><strong><a href=\"https:\/\/iimyc.gob.ar\/cursor\/clases\/programa\/\">Programa<\/a><\/strong><\/h3>\n\n\n\n<h3 class=\"wp-block-heading\"><strong><a href=\"https:\/\/iimyc.gob.ar\/cursor\/wp-content\/uploads\/2023\/presentac.html\">Presentaci\u00f3n<\/a><\/strong><\/h3>\n\n\n\n<h3 class=\"wp-block-heading\"><a href=\"https:\/\/iimyc.gob.ar\/cursor\/wp-content\/uploads\/2023\/clase_intro.html\"><strong>Introducci\u00f3n al R<\/strong><\/a><strong> &#8211; <a href=\"https:\/\/iimyc.gob.ar\/cursor\/wp-content\/uploads\/2023\/ejercicios_intro.R\" target=\"_blank\" rel=\"noreferrer noopener\">Ejercicios en R<\/a><\/strong><\/h3>\n\n\n\n<h5 class=\"wp-block-heading\"><a rel=\"noreferrer noopener\" href=\"https:\/\/iimyc.gob.ar\/cursor\/wp-content\/uploads\/2023\/clase_optim.html\" target=\"_blank\">Optimizaci\u00f3n y Preparaci\u00f3n<\/a> &#8211; <a rel=\"noreferrer noopener\" href=\"https:\/\/iimyc.gob.ar\/cursor\/wp-content\/uploads\/2023\/ejercicios_optim.R\" target=\"_blank\">Ejercicios en R<\/a><\/h5>\n\n\n\n<h5 class=\"wp-block-heading\"><strong><a href=\"https:\/\/iimyc.gob.ar\/cursor\/wp-content\/uploads\/2023\/clase_loops.html\">Loops<\/a> &#8211; <a href=\"https:\/\/iimyc.gob.ar\/cursor\/wp-content\/uploads\/2023\/ejercicios_loops.html\">Ejercicios en R<\/a><\/strong><\/h5>\n\n\n\n<h5 class=\"wp-block-heading\"><strong><a href=\"https:\/\/iimyc.gob.ar\/cursor\/wp-content\/uploads\/2023\/clase_loops.html\">Fun<\/a><a href=\"https:\/\/iimyc.gob.ar\/cursor\/wp-content\/uploads\/2023\/clase_funciones.html\">ciones<\/a> &#8211; <a href=\"https:\/\/iimyc.gob.ar\/cursor\/wp-content\/uploads\/2023\/ejercicios_funciones.html\">Ejercicios en R<\/a><\/strong><\/h5>\n\n\n\n<h3 class=\"wp-block-heading\"><a href=\"https:\/\/iimyc.gob.ar\/cursor\/wp-content\/uploads\/2023\/clase_stats.pdf\"><strong>Estad\u00edstica<\/strong><\/a><\/h3>\n\n\n\n<h3 class=\"wp-block-heading\"><strong><a href=\"https:\/\/iimyc.gob.ar\/cursor\/wp-content\/uploads\/2023\/clase_tidy.html\">Simplificaci\u00f3n (<em>tidyverse)<\/em><\/a><\/strong> <strong>&#8211; <a href=\"https:\/\/iimyc.gob.ar\/cursor\/wp-content\/uploads\/2023\/ejercicios_tidy_I_II.R\">Ejercicios I y II<\/a><\/strong> <strong>&#8211; <a href=\"https:\/\/iimyc.gob.ar\/cursor\/wp-content\/uploads\/2023\/ejercicios_tidy_III.R\">Ejercicios III<\/a><\/strong> <strong>&#8211; <a href=\"https:\/\/iimyc.gob.ar\/cursor\/wp-content\/uploads\/2023\/ejercicios_tidy_IV.R\">Ejercicios IV<\/a><\/strong> <strong>&#8211; <a href=\"https:\/\/iimyc.gob.ar\/cursor\/wp-content\/uploads\/2023\/ejercicios_tidy_opcional.R\">Ejercicio opcional<\/a><\/strong> &#8211; <a href=\"https:\/\/iimyc.gob.ar\/cursor\/wp-content\/uploads\/2023\/ejercicios_tidy_resueltos.R\"><em>Soluciones<\/em><\/a><\/h3>\n\n\n\n<h3 class=\"wp-block-heading\"><a href=\"https:\/\/iimyc.gob.ar\/cursor\/wp-content\/uploads\/2023\/clase_join.html\"><strong>Uniendo planillas con<\/strong><\/a><em><a href=\"https:\/\/iimyc.gob.ar\/cursor\/wp-content\/uploads\/2023\/clase_join.html\"><strong> join<\/strong><\/a><\/em><\/h3>\n\n\n\n<h4 class=\"wp-block-heading\"><a rel=\"noreferrer noopener\" href=\"https:\/\/iimyc.gob.ar\/cursor\/wp-content\/uploads\/optativa.html\" target=\"_blank\"><strong>Ejercicio optativo <em>tidyr<\/em><\/strong><\/a><strong> &#8211; <a href=\"https:\/\/iimyc.gob.ar\/cursor\/rutinas\/pistas\/\">Pistas<\/a> &#8211; <a href=\"https:\/\/iimyc.gob.ar\/cursor\/wp-content\/uploads\/soluc_tidy.R\">Soluci\u00f3n<\/a><\/strong><\/h4>\n\n\n\n<h3 class=\"wp-block-heading\"><a href=\"https:\/\/iimyc.gob.ar\/cursor\/wp-content\/uploads\/2023\/clase_ggplot.html\"><strong>Gr\u00e1ficos (<em>ggplot2<\/em><\/strong>)<\/a> <strong>&#8211; <a href=\"https:\/\/iimyc.gob.ar\/cursor\/wp-content\/uploads\/2023\/ejercicios_ggplot.R\">Ejercicios en R<\/a><\/strong><\/h3>\n\n\n\n<h3 class=\"wp-block-heading\"><strong><a href=\"https:\/\/iimyc.gob.ar\/cursor\/wp-content\/uploads\/2023\/clase_tablas.html\">Tablas<\/a><\/strong><\/h3>\n<\/div><\/div>\n<\/div>\n<\/div>\n<\/div><\/div>\n","protected":false},"excerpt":{"rendered":"<p>Programa Presentaci\u00f3n Introducci\u00f3n al R &#8211; Ejercicios en R Optimizaci\u00f3n y Preparaci\u00f3n &#8211; Ejercicios en R Loops &#8211; Ejercicios en R Funciones &#8211; Ejercicios en R Estad\u00edstica Simplificaci\u00f3n (tidyverse) &#8211; Ejercicios I y II &#8211; Ejercicios III &#8211; Ejercicios IV &#8211; Ejercicio opcional &#8211; Soluciones Uniendo planillas con join Ejercicio optativo tidyr &#8211; Pistas &#8211; [&hellip;]<\/p>\n","protected":false},"author":1,"featured_media":19,"parent":0,"menu_order":0,"comment_status":"closed","ping_status":"closed","template":"","meta":{"footnotes":""},"class_list":["post-14","page","type-page","status-publish","has-post-thumbnail","czr-hentry"],"_links":{"self":[{"href":"https:\/\/iimyc.gob.ar\/cursor\/wp-json\/wp\/v2\/pages\/14","targetHints":{"allow":["GET"]}}],"collection":[{"href":"https:\/\/iimyc.gob.ar\/cursor\/wp-json\/wp\/v2\/pages"}],"about":[{"href":"https:\/\/iimyc.gob.ar\/cursor\/wp-json\/wp\/v2\/types\/page"}],"author":[{"embeddable":true,"href":"https:\/\/iimyc.gob.ar\/cursor\/wp-json\/wp\/v2\/users\/1"}],"replies":[{"embeddable":true,"href":"https:\/\/iimyc.gob.ar\/cursor\/wp-json\/wp\/v2\/comments?post=14"}],"version-history":[{"count":46,"href":"https:\/\/iimyc.gob.ar\/cursor\/wp-json\/wp\/v2\/pages\/14\/revisions"}],"predecessor-version":[{"id":282,"href":"https:\/\/iimyc.gob.ar\/cursor\/wp-json\/wp\/v2\/pages\/14\/revisions\/282"}],"wp:featuredmedia":[{"embeddable":true,"href":"https:\/\/iimyc.gob.ar\/cursor\/wp-json\/wp\/v2\/media\/19"}],"wp:attachment":[{"href":"https:\/\/iimyc.gob.ar\/cursor\/wp-json\/wp\/v2\/media?parent=14"}],"curies":[{"name":"wp","href":"https:\/\/api.w.org\/{rel}","templated":true}]}}