{"id":131,"date":"2022-06-01T22:37:25","date_gmt":"2022-06-01T22:37:25","guid":{"rendered":"https:\/\/iimyc.gob.ar\/cursor\/?page_id=131"},"modified":"2022-06-01T23:42:30","modified_gmt":"2022-06-01T23:42:30","slug":"trabajo-ordenado","status":"publish","type":"page","link":"https:\/\/iimyc.gob.ar\/cursor\/tutoriales\/trabajo-ordenado\/","title":{"rendered":"Trabajo ordenado"},"content":{"rendered":"\n<p>Tener organizados los archivos de datos, los scripts de R y los resultados es muy \u00fatil para hacer un seguimiento de lo que se est\u00e1 trabajando y para compartir datos o scripts. Tener archivos sueltos y mezclados se termina transformando en un caos. La forma de organizar tus archivos es tu elecci\u00f3n, pero un poco de planificaci\u00f3n y organizaci\u00f3n de los proyectos al principio es una buena estrategia a futuro. Ac\u00e1 van algunas sugerencias:<\/p>\n\n\n\n<h2 class=\"wp-block-heading\">Crear una carpeta de proyectos organizada<\/h2>\n\n\n\n<p>Cre\u00e1 una carpeta para cada proyecto. Puede tratarse de un curso que est\u00e9s haciendo, un cap\u00edtulo de tu tesis o un proyecto de investigaci\u00f3n de cualquier tipo. Dentro de esa carpeta, inclu\u00ed lo siguiente<\/p>\n\n\n\n<ul class=\"wp-block-list\"><li>Una carpeta de <strong>datos<\/strong> (incluyendo los metadatos)<\/li><li>Una carpeta de <strong>resultados<\/strong> (con subcarpetas \u00abFiguras\u00bb y \u00abTablas\u00bb y posiblemente \u00abMaterial suplementario\u00bb)<\/li><li>Un <strong>script<\/strong> de R que procese los archivos de datos, haga los an\u00e1lisis y cree las figuras necesarias para el proyecto (intentar que este script de R sea corto y legible)<\/li><li>Una carpeta para las <strong>funciones<\/strong> personalizadas (si se utilizan, poco probable en esta instancia)<\/li><li>Una carpeta para los <strong>textos<\/strong> y las referencias<\/li><\/ul>\n\n\n\n<p>La carpeta de datos debe contener los <strong>datos brutos<\/strong> (Calc, Excel). Lo ideal es que esos archivos <strong>no se modifiquen<\/strong>; todo lo que se quiera hacer con los datos (ej. limpiarlos y filtrarlos, resumirlos en una tabla, ejecutar an\u00e1lisis estad\u00edsticos o crear figuras), puede hacerse a trav\u00e9s de los scripts de R. Esto <strong>mantiene un registro de todo lo que se hace<\/strong>. Los resultados intermedios, si sirven, se pueden guardar en la carpeta de resultados.<\/p>\n\n\n\n<p>Uno de los objetivos de esta organizaci\u00f3n del proyecto es que el <strong>procesamiento y<\/strong> el an\u00e1lisis de los datos sean <strong>totalmente reproducibles<\/strong> y, por lo tanto, tanto los datos como los m\u00e9todos exactos puedan compartirse. Adem\u00e1s, aunque en este momento conozcas todos los archivos y pasos, antes de que te des cuenta vas a estar trabajando en otros proyectos y no te vas a acordar de nada. La mayor\u00eda de los an\u00e1lisis, en alg\u00fan momento, se complican demasiado para que sea factible acordarse de todo lo que se hizo, y por eso es fundamental tener un registro (ver <a href=\"https:\/\/iimyc.gob.ar\/cursor\/tutoriales\/notas\/\" data-type=\"page\" data-id=\"137\">Notas<\/a>).<\/p>\n\n\n\n<h2 class=\"wp-block-heading\">Usando los archivos de proyecto de R Studio<\/h2>\n\n\n\n<p>Una forma f\u00e1cil de acceder a todos estos archivos es utilizar un archivo de proyecto. En RStudio, se puede crear un nuevo archivo de proyecto con File, New Project. A continuaci\u00f3n, pregunta si la carpeta del proyecto ya est\u00e1 creada (segunda opci\u00f3n) o no (primera opci\u00f3n).<\/p>\n\n\n\n<figure class=\"wp-block-image size-full\"><img loading=\"lazy\" decoding=\"async\" width=\"557\" height=\"409\" src=\"https:\/\/iimyc.gob.ar\/cursor\/wp-content\/uploads\/2022\/06\/projects_new.png\" alt=\"\" class=\"wp-image-132\" srcset=\"https:\/\/iimyc.gob.ar\/cursor\/wp-content\/uploads\/2022\/06\/projects_new.png 557w, https:\/\/iimyc.gob.ar\/cursor\/wp-content\/uploads\/2022\/06\/projects_new-300x220.png 300w\" sizes=\"auto, (max-width: 557px) 100vw, 557px\" \/><\/figure>\n\n\n\n<p>Una vez creado, el proyecto se puede abrir haciendo clic directamente en ese archivo o desde Archivo, Abrir si ya ten\u00e9s el RStudio abierto. Una vez abierto, se ve la estructura de carpetas en el panel de archivos en la parte inferior derecha de RStudio, donde todos los scripts y datos son f\u00e1cilmente accesibles.<\/p>\n\n\n\n<figure class=\"wp-block-image size-full\"><img loading=\"lazy\" decoding=\"async\" width=\"466\" height=\"377\" src=\"https:\/\/iimyc.gob.ar\/cursor\/wp-content\/uploads\/2022\/06\/Basic_project_managment_image.jpg\" alt=\"\" class=\"wp-image-133\" srcset=\"https:\/\/iimyc.gob.ar\/cursor\/wp-content\/uploads\/2022\/06\/Basic_project_managment_image.jpg 466w, https:\/\/iimyc.gob.ar\/cursor\/wp-content\/uploads\/2022\/06\/Basic_project_managment_image-300x243.jpg 300w\" sizes=\"auto, (max-width: 466px) 100vw, 466px\" \/><\/figure>\n\n\n\n<p>Si se quiere cambiar de proyecto, crear uno nuevo, o cerrarlo para volver a la vista normal, arriba a la derecha hay un icono muy chiquito que despliega los \u00faltimos proyectos junto con otras opciones \u00fatiles.<\/p>\n\n\n\n<figure class=\"wp-block-image size-full\"><img loading=\"lazy\" decoding=\"async\" width=\"252\" height=\"105\" src=\"https:\/\/iimyc.gob.ar\/cursor\/wp-content\/uploads\/2022\/06\/proyectos.png\" alt=\"\" class=\"wp-image-134\"\/><\/figure>\n\n\n\n<hr class=\"wp-block-separator has-alpha-channel-opacity\"\/>\n\n\n\n<p>La gran mayor\u00eda de este tutorial es una traducci\u00f3n de: <\/p>\n\n\n\n<p><a rel=\"noreferrer noopener\" href=\"https:\/\/environmentalcomputing.net\/getting-started-with-r\/project-management\/\" target=\"_blank\">https:\/\/environmentalcomputing.net\/getting-started-with-r\/project-management\/<\/a><\/p>\n\n\n\n<p>que, por cierto, es muy \u00fatil para varios aspectos del uso de R.<\/p>\n\n\n\n<p><\/p>\n","protected":false},"excerpt":{"rendered":"<p>Tener organizados los archivos de datos, los scripts de R y los resultados es muy \u00fatil para hacer un seguimiento de lo que se est\u00e1 trabajando y para compartir datos o scripts. Tener archivos sueltos y mezclados se termina transformando en un caos. La forma de organizar tus archivos es tu elecci\u00f3n, pero un poco [&hellip;]<\/p>\n","protected":false},"author":1,"featured_media":0,"parent":12,"menu_order":0,"comment_status":"closed","ping_status":"closed","template":"","meta":{"footnotes":""},"class_list":["post-131","page","type-page","status-publish","czr-hentry"],"_links":{"self":[{"href":"https:\/\/iimyc.gob.ar\/cursor\/wp-json\/wp\/v2\/pages\/131","targetHints":{"allow":["GET"]}}],"collection":[{"href":"https:\/\/iimyc.gob.ar\/cursor\/wp-json\/wp\/v2\/pages"}],"about":[{"href":"https:\/\/iimyc.gob.ar\/cursor\/wp-json\/wp\/v2\/types\/page"}],"author":[{"embeddable":true,"href":"https:\/\/iimyc.gob.ar\/cursor\/wp-json\/wp\/v2\/users\/1"}],"replies":[{"embeddable":true,"href":"https:\/\/iimyc.gob.ar\/cursor\/wp-json\/wp\/v2\/comments?post=131"}],"version-history":[{"count":2,"href":"https:\/\/iimyc.gob.ar\/cursor\/wp-json\/wp\/v2\/pages\/131\/revisions"}],"predecessor-version":[{"id":146,"href":"https:\/\/iimyc.gob.ar\/cursor\/wp-json\/wp\/v2\/pages\/131\/revisions\/146"}],"up":[{"embeddable":true,"href":"https:\/\/iimyc.gob.ar\/cursor\/wp-json\/wp\/v2\/pages\/12"}],"wp:attachment":[{"href":"https:\/\/iimyc.gob.ar\/cursor\/wp-json\/wp\/v2\/media?parent=131"}],"curies":[{"name":"wp","href":"https:\/\/api.w.org\/{rel}","templated":true}]}}