{"id":12,"date":"2018-04-23T16:21:54","date_gmt":"2018-04-23T16:21:54","guid":{"rendered":"http:\/\/iimyc.gob.ar\/cursor\/?page_id=12"},"modified":"2023-09-21T19:38:31","modified_gmt":"2023-09-21T19:38:31","slug":"tutoriales","status":"publish","type":"page","link":"https:\/\/iimyc.gob.ar\/cursor\/tutoriales\/","title":{"rendered":"Tutoriales"},"content":{"rendered":"<ul>\n<li><strong><a href=\"https:\/\/iimyc.gob.ar\/cursor\/wp-content\/uploads\/descarga.pdf\">Instalaci\u00f3n de R, RStudio y paquetes; planillas de datos<\/a><\/strong><\/li>\n<li><a href=\"https:\/\/iimyc.gob.ar\/cursor\/trabajo-ordenado\/\"><strong>Trabajo ordenado<\/strong><\/a><\/li>\n<li><a href=\"https:\/\/iimyc.gob.ar\/cursor\/wp-content\/uploads\/Directorio_wd.html\" target=\"_blank\" rel=\"noopener\"><strong>Directorio de trabajo<\/strong><\/a><\/li>\n<li><a href=\"https:\/\/iimyc.gob.ar\/cursor\/wp-content\/uploads\/2023\/tuto_stats.html\"><strong>An\u00e1lisis estad\u00edsticos muy b\u00e1sicos<\/strong><\/a><\/li>\n<li><a href=\"https:\/\/iimyc.gob.ar\/cursor\/tutoriales\/notas\/\"><strong>Notas<\/strong><\/a><\/li>\n<li><strong><a href=\"https:\/\/iimyc.gob.ar\/cursor\/tutoriales\/graficos\/\">Gr\u00e1ficos<\/a><\/strong><\/li>\n<li><strong><a href=\"https:\/\/iimyc.gob.ar\/cursor\/wp-content\/uploads\/visualstudio.html\">Visual Studio Code + edici\u00f3n\u00a0 m\u00faltiple en tiempo real<\/a><\/strong><\/li>\n<\/ul>\n","protected":false},"excerpt":{"rendered":"<p>Instalaci\u00f3n de R, RStudio y paquetes; planillas de datos Trabajo ordenado Directorio de trabajo An\u00e1lisis estad\u00edsticos muy b\u00e1sicos Notas Gr\u00e1ficos Visual Studio Code + edici\u00f3n\u00a0 m\u00faltiple en tiempo real<\/p>\n","protected":false},"author":1,"featured_media":18,"parent":0,"menu_order":0,"comment_status":"closed","ping_status":"closed","template":"","meta":{"footnotes":""},"class_list":["post-12","page","type-page","status-publish","has-post-thumbnail","czr-hentry"],"_links":{"self":[{"href":"https:\/\/iimyc.gob.ar\/cursor\/wp-json\/wp\/v2\/pages\/12","targetHints":{"allow":["GET"]}}],"collection":[{"href":"https:\/\/iimyc.gob.ar\/cursor\/wp-json\/wp\/v2\/pages"}],"about":[{"href":"https:\/\/iimyc.gob.ar\/cursor\/wp-json\/wp\/v2\/types\/page"}],"author":[{"embeddable":true,"href":"https:\/\/iimyc.gob.ar\/cursor\/wp-json\/wp\/v2\/users\/1"}],"replies":[{"embeddable":true,"href":"https:\/\/iimyc.gob.ar\/cursor\/wp-json\/wp\/v2\/comments?post=12"}],"version-history":[{"count":14,"href":"https:\/\/iimyc.gob.ar\/cursor\/wp-json\/wp\/v2\/pages\/12\/revisions"}],"predecessor-version":[{"id":294,"href":"https:\/\/iimyc.gob.ar\/cursor\/wp-json\/wp\/v2\/pages\/12\/revisions\/294"}],"wp:featuredmedia":[{"embeddable":true,"href":"https:\/\/iimyc.gob.ar\/cursor\/wp-json\/wp\/v2\/media\/18"}],"wp:attachment":[{"href":"https:\/\/iimyc.gob.ar\/cursor\/wp-json\/wp\/v2\/media?parent=12"}],"curies":[{"name":"wp","href":"https:\/\/api.w.org\/{rel}","templated":true}]}}