{"id":100,"date":"2022-05-30T15:40:42","date_gmt":"2022-05-30T15:40:42","guid":{"rendered":"https:\/\/iimyc.gob.ar\/cursor\/?page_id=100"},"modified":"2023-09-13T16:24:08","modified_gmt":"2023-09-13T16:24:08","slug":"informacion-general","status":"publish","type":"page","link":"https:\/\/iimyc.gob.ar\/cursor\/","title":{"rendered":"Informaci\u00f3n general"},"content":{"rendered":"\n<h2 class=\"wp-block-heading has-text-align-center\"><img loading=\"lazy\" decoding=\"async\" width=\"64\" height=\"64\" class=\"wp-image-118\" style=\"width: 64px;\" src=\"https:\/\/iimyc.gob.ar\/cursor\/wp-content\/uploads\/2022\/05\/blackboard.png\" alt=\"\" srcset=\"https:\/\/iimyc.gob.ar\/cursor\/wp-content\/uploads\/2022\/05\/blackboard.png 512w, https:\/\/iimyc.gob.ar\/cursor\/wp-content\/uploads\/2022\/05\/blackboard-300x300.png 300w, https:\/\/iimyc.gob.ar\/cursor\/wp-content\/uploads\/2022\/05\/blackboard-150x150.png 150w, https:\/\/iimyc.gob.ar\/cursor\/wp-content\/uploads\/2022\/05\/blackboard-510x510.png 510w\" sizes=\"auto, (max-width: 64px) 100vw, 64px\" \/><\/h2>\n\n\n\n<h2 class=\"wp-block-heading has-text-align-center\">Primera clase<\/h2>\n\n\n\n<p><img loading=\"lazy\" decoding=\"async\" width=\"48\" height=\"48\" class=\"wp-image-112\" style=\"width: 48px;\" src=\"https:\/\/iimyc.gob.ar\/cursor\/wp-content\/uploads\/2022\/05\/laptop.png\" alt=\"\" srcset=\"https:\/\/iimyc.gob.ar\/cursor\/wp-content\/uploads\/2022\/05\/laptop.png 512w, https:\/\/iimyc.gob.ar\/cursor\/wp-content\/uploads\/2022\/05\/laptop-300x300.png 300w, https:\/\/iimyc.gob.ar\/cursor\/wp-content\/uploads\/2022\/05\/laptop-150x150.png 150w, https:\/\/iimyc.gob.ar\/cursor\/wp-content\/uploads\/2022\/05\/laptop-510x510.png 510w\" sizes=\"auto, (max-width: 48px) 100vw, 48px\" \/>El aula del curso no cuenta con computadoras, por lo que <strong>deber\u00e1n asistir con la computadora<\/strong> que vayan a usar para trabajar en clase. Si pueden, por favor traigan alargues y zapatillas porque hay pocos enchufes.<\/p>\n\n\n\n<p><br><img loading=\"lazy\" decoding=\"async\" width=\"48\" height=\"37\" class=\"wp-image-44\" style=\"width: 48px;\" src=\"https:\/\/iimyc.gob.ar\/cursor\/wp-content\/uploads\/2018\/05\/Rlogo.png\" alt=\"\" srcset=\"https:\/\/iimyc.gob.ar\/cursor\/wp-content\/uploads\/2018\/05\/Rlogo.png 2944w, https:\/\/iimyc.gob.ar\/cursor\/wp-content\/uploads\/2018\/05\/Rlogo-300x231.png 300w, https:\/\/iimyc.gob.ar\/cursor\/wp-content\/uploads\/2018\/05\/Rlogo-768x592.png 768w, https:\/\/iimyc.gob.ar\/cursor\/wp-content\/uploads\/2018\/05\/Rlogo-1024x790.png 1024w\" sizes=\"auto, (max-width: 48px) 100vw, 48px\" \/>  Por favor traigan instalada <a rel=\"noreferrer noopener\" href=\"https:\/\/cran.r-project.org\/\" data-type=\"URL\" data-id=\"https:\/\/cran.r-project.org\/\" target=\"_blank\">la \u00faltima versi\u00f3n de R<\/a><\/p>\n\n\n\n<p><br> <img loading=\"lazy\" decoding=\"async\" width=\"48\" height=\"48\" class=\"wp-image-45\" style=\"width: 48px;\" src=\"https:\/\/iimyc.gob.ar\/cursor\/wp-content\/uploads\/2018\/05\/RStudio-Ball.png\" alt=\"\" srcset=\"https:\/\/iimyc.gob.ar\/cursor\/wp-content\/uploads\/2018\/05\/RStudio-Ball.png 1000w, https:\/\/iimyc.gob.ar\/cursor\/wp-content\/uploads\/2018\/05\/RStudio-Ball-150x150.png 150w, https:\/\/iimyc.gob.ar\/cursor\/wp-content\/uploads\/2018\/05\/RStudio-Ball-300x300.png 300w, https:\/\/iimyc.gob.ar\/cursor\/wp-content\/uploads\/2018\/05\/RStudio-Ball-768x768.png 768w, https:\/\/iimyc.gob.ar\/cursor\/wp-content\/uploads\/2018\/05\/RStudio-Ball-510x510.png 510w\" sizes=\"auto, (max-width: 48px) 100vw, 48px\" \/> y tambi\u00e9n <a rel=\"noreferrer noopener\" href=\"https:\/\/www.rstudio.com\/products\/rstudio\/download\/#download\" data-type=\"URL\" data-id=\"https:\/\/www.rstudio.com\/products\/rstudio\/download\/#download\" target=\"_blank\">la \u00faltima versi\u00f3n de RStudio<\/a><\/p>\n\n\n\n<p><img loading=\"lazy\" decoding=\"async\" width=\"48\" height=\"55\" class=\"wp-image-153\" style=\"width: 48px;\" src=\"https:\/\/iimyc.gob.ar\/cursor\/wp-content\/uploads\/2022\/06\/tidyverse.png\" alt=\"\" srcset=\"https:\/\/iimyc.gob.ar\/cursor\/wp-content\/uploads\/2022\/06\/tidyverse.png 738w, https:\/\/iimyc.gob.ar\/cursor\/wp-content\/uploads\/2022\/06\/tidyverse-260x300.png 260w\" sizes=\"auto, (max-width: 48px) 100vw, 48px\" \/> En lo posible, tener instalado el paquete \u00abtidyverse\u00bb. Abrir el R y escribir:<\/p>\n\n\n\n<pre class=\"wp-block-code\"><code>install.packages(\"tidyverse\", dependencies = T)<\/code><\/pre>\n\n\n\n<hr class=\"wp-block-separator has-alpha-channel-opacity\"\/>\n\n\n\n<h2 class=\"wp-block-heading has-text-align-center\"><img loading=\"lazy\" decoding=\"async\" width=\"64\" height=\"64\" class=\"wp-image-106\" style=\"width: 64px;\" src=\"https:\/\/iimyc.gob.ar\/cursor\/wp-content\/uploads\/2022\/05\/calendar-1.png\" alt=\"\" srcset=\"https:\/\/iimyc.gob.ar\/cursor\/wp-content\/uploads\/2022\/05\/calendar-1.png 512w, https:\/\/iimyc.gob.ar\/cursor\/wp-content\/uploads\/2022\/05\/calendar-1-300x300.png 300w, https:\/\/iimyc.gob.ar\/cursor\/wp-content\/uploads\/2022\/05\/calendar-1-150x150.png 150w, https:\/\/iimyc.gob.ar\/cursor\/wp-content\/uploads\/2022\/05\/calendar-1-510x510.png 510w\" sizes=\"auto, (max-width: 64px) 100vw, 64px\" \/><\/h2>\n\n\n\n<h2 class=\"wp-block-heading has-text-align-center\">Fechas<\/h2>\n\n\n\n<p class=\"has-text-align-center\">18 al 22 de septiembre de 2023<\/p>\n\n\n\n<p><\/p>\n\n\n\n<h2 class=\"wp-block-heading has-text-align-center\"><img loading=\"lazy\" decoding=\"async\" width=\"64\" height=\"64\" class=\"wp-image-109\" style=\"width: 64px;\" src=\"https:\/\/iimyc.gob.ar\/cursor\/wp-content\/uploads\/2022\/05\/clock.png\" alt=\"\" srcset=\"https:\/\/iimyc.gob.ar\/cursor\/wp-content\/uploads\/2022\/05\/clock.png 512w, https:\/\/iimyc.gob.ar\/cursor\/wp-content\/uploads\/2022\/05\/clock-300x300.png 300w, https:\/\/iimyc.gob.ar\/cursor\/wp-content\/uploads\/2022\/05\/clock-150x150.png 150w, https:\/\/iimyc.gob.ar\/cursor\/wp-content\/uploads\/2022\/05\/clock-510x510.png 510w\" sizes=\"auto, (max-width: 64px) 100vw, 64px\" \/><\/h2>\n\n\n\n<h2 class=\"wp-block-heading has-text-align-center\">Horario<\/h2>\n\n\n\n<p class=\"has-text-align-center\">Lunes y martes de 08:30 a 13:00, mi\u00e9rcoles a viernes de 08:30 a 13:30<\/p>\n\n\n\n<p><\/p>\n\n\n\n<h2 class=\"wp-block-heading has-text-align-center\"><img loading=\"lazy\" decoding=\"async\" width=\"64\" height=\"64\" class=\"wp-image-107\" style=\"width: 64px;\" src=\"https:\/\/iimyc.gob.ar\/cursor\/wp-content\/uploads\/2022\/05\/index.png\" alt=\"\" srcset=\"https:\/\/iimyc.gob.ar\/cursor\/wp-content\/uploads\/2022\/05\/index.png 1600w, https:\/\/iimyc.gob.ar\/cursor\/wp-content\/uploads\/2022\/05\/index-300x300.png 300w, https:\/\/iimyc.gob.ar\/cursor\/wp-content\/uploads\/2022\/05\/index-1024x1024.png 1024w, https:\/\/iimyc.gob.ar\/cursor\/wp-content\/uploads\/2022\/05\/index-150x150.png 150w, https:\/\/iimyc.gob.ar\/cursor\/wp-content\/uploads\/2022\/05\/index-768x768.png 768w, https:\/\/iimyc.gob.ar\/cursor\/wp-content\/uploads\/2022\/05\/index-1536x1536.png 1536w, https:\/\/iimyc.gob.ar\/cursor\/wp-content\/uploads\/2022\/05\/index-510x510.png 510w\" sizes=\"auto, (max-width: 64px) 100vw, 64px\" \/><\/h2>\n\n\n\n<h2 class=\"wp-block-heading has-text-align-center\">Lugar<\/h2>\n\n\n\n<p class=\"has-text-align-center\">Aula 41 (FCEyN)<\/p>\n","protected":false},"excerpt":{"rendered":"<p>Primera clase El aula del curso no cuenta con computadoras, por lo que deber\u00e1n asistir con la computadora que vayan a usar para trabajar en clase. Si pueden, por favor traigan alargues y zapatillas porque hay pocos enchufes. Por favor traigan instalada la \u00faltima versi\u00f3n de R y tambi\u00e9n la \u00faltima versi\u00f3n de RStudio En [&hellip;]<\/p>\n","protected":false},"author":1,"featured_media":0,"parent":0,"menu_order":0,"comment_status":"closed","ping_status":"closed","template":"","meta":{"footnotes":""},"class_list":["post-100","page","type-page","status-publish","czr-hentry"],"_links":{"self":[{"href":"https:\/\/iimyc.gob.ar\/cursor\/wp-json\/wp\/v2\/pages\/100","targetHints":{"allow":["GET"]}}],"collection":[{"href":"https:\/\/iimyc.gob.ar\/cursor\/wp-json\/wp\/v2\/pages"}],"about":[{"href":"https:\/\/iimyc.gob.ar\/cursor\/wp-json\/wp\/v2\/types\/page"}],"author":[{"embeddable":true,"href":"https:\/\/iimyc.gob.ar\/cursor\/wp-json\/wp\/v2\/users\/1"}],"replies":[{"embeddable":true,"href":"https:\/\/iimyc.gob.ar\/cursor\/wp-json\/wp\/v2\/comments?post=100"}],"version-history":[{"count":14,"href":"https:\/\/iimyc.gob.ar\/cursor\/wp-json\/wp\/v2\/pages\/100\/revisions"}],"predecessor-version":[{"id":272,"href":"https:\/\/iimyc.gob.ar\/cursor\/wp-json\/wp\/v2\/pages\/100\/revisions\/272"}],"wp:attachment":[{"href":"https:\/\/iimyc.gob.ar\/cursor\/wp-json\/wp\/v2\/media?parent=100"}],"curies":[{"name":"wp","href":"https:\/\/api.w.org\/{rel}","templated":true}]}}